{"id":8597,"date":"2025-08-27T18:48:05","date_gmt":"2025-08-27T18:48:05","guid":{"rendered":"https:\/\/festwaveinstitute.com\/stages-passes\/"},"modified":"2025-09-25T01:45:47","modified_gmt":"2025-09-25T01:45:47","slug":"stages-passes","status":"publish","type":"page","link":"https:\/\/festwaveinstitute.com\/fr\/stages-passes\/","title":{"rendered":"Stages Pass\u00e9s"},"content":{"rendered":"\t\t<div data-elementor-type=\"wp-page\" data-elementor-id=\"8597\" class=\"elementor elementor-8597 elementor-8283\" data-elementor-post-type=\"page\">\n\t\t\t\t<div class=\"elementor-element elementor-element-9b4b0e6 e-flex e-con-boxed e-con e-parent\" data-id=\"9b4b0e6\" data-element_type=\"container\" data-e-type=\"container\">\n\t\t\t\t\t<div class=\"e-con-inner\">\n\t\t<div class=\"elementor-element elementor-element-5d9d3982 e-con-full e-flex e-con e-child\" data-id=\"5d9d3982\" data-element_type=\"container\" data-e-type=\"container\">\n\t\t\t\t<div class=\"elementor-element elementor-element-7890a5b4 elementor-widget elementor-widget-tm-course\" data-id=\"7890a5b4\" data-element_type=\"widget\" data-e-type=\"widget\" data-settings=\"{&quot;grid_columns&quot;:3,&quot;grid_columns_tablet&quot;:2,&quot;grid_columns_mobile&quot;:1}\" data-widget_type=\"tm-course.default\">\n\t\t\t\t<div class=\"elementor-widget-container\">\n\t\t\t\t\t\t\t<div class=\"unicamp-grid-wrapper unicamp-courses style-grid-02 filter-style-01\" data-grid=\"{&quot;type&quot;:&quot;grid&quot;,&quot;columns&quot;:3,&quot;columnsTablet&quot;:2,&quot;columnsMobile&quot;:1,&quot;gutter&quot;:30}\" data-pagination=\"infinite\">\n\t\t\t\t\t\t\t\t\t\t\t<input type=\"hidden\" class=\"unicamp-query-input\" value=\"{&quot;source&quot;:&quot;custom_query&quot;,&quot;action&quot;:&quot;courses_infinite_load&quot;,&quot;max_num_pages&quot;:1,&quot;found_posts&quot;:1,&quot;count&quot;:1,&quot;query_vars&quot;:{&quot;post_type&quot;:&quot;courses&quot;,&quot;posts_per_page&quot;:10,&quot;orderby&quot;:&quot;date&quot;,&quot;order&quot;:&quot;DESC&quot;,&quot;post_status&quot;:&quot;publish&quot;,&quot;tax_query&quot;:[{&quot;taxonomy&quot;:&quot;course-tag&quot;,&quot;field&quot;:&quot;slug&quot;,&quot;terms&quot;:[&quot;past-internships&quot;]}],&quot;paged&quot;:1}}\"\/>\n\n\t\t\t\t\t\t<div class=\"unicamp-grid-sorting row row-sm-center\">\n\t\t\t<div class=\"col-md-6 result-count\">\n\t\t\t\t\t\t\t\t\tNous avons trouv\u00e9 <span class=\"count\">1<\/span> cours disponible(s) pour vous\t\t\t\t\t\t\t<\/div>\n\t\t\t<div class=\"col-md-6 ordering\">\n\t\t\t\t\t\t\t\t\t\t\t\t\t\t<select class=\"unicamp-widget-nice-select orderby\" name=\"orderby\" data-select=\"{&quot;fieldLabel&quot;:&quot;Trier par\\u00a0:&quot;}\">\n\t\t\t\t\t\t\t\t\t\t\t\t\t<option value=\"\"  selected='selected' >\n\t\t\t\t\t\t\t\tDefault\t\t\t\t\t\t\t<\/option>\n\t\t\t\t\t\t\t\t\t\t\t\t\t<option value=\"popularity\"  >\n\t\t\t\t\t\t\t\tPopularity\t\t\t\t\t\t\t<\/option>\n\t\t\t\t\t\t\t\t\t\t\t\t\t<option value=\"date\"  >\n\t\t\t\t\t\t\t\tDerni\u00e8re\t\t\t\t\t\t\t<\/option>\n\t\t\t\t\t\t\t\t\t\t\t\t\t<option value=\"price\"  >\n\t\t\t\t\t\t\t\tPrice: low to high\t\t\t\t\t\t\t<\/option>\n\t\t\t\t\t\t\t\t\t\t\t\t\t<option value=\"price-desc\"  >\n\t\t\t\t\t\t\t\tPrice: high to low\t\t\t\t\t\t\t<\/option>\n\t\t\t\t\t\t\t\t\t\t\t<\/select>\n\t\t\t\t\t\t\t<\/div>\n\t\t<\/div>\n\t\t\n\t\t\t\t\n\t\t\t\t\n\t\t\t\t<div class=\"unicamp-grid lazy-grid\">\n\t\t\t\t\t\t\t\t\t\t\t<div class=\"unicamp-grid-loader\">\n\t\t\t\t\t\t\t<div class=\"sk-wrap sk-circle\">\n\t<div class=\"sk-circle1 sk-child\"><\/div>\n\t<div class=\"sk-circle2 sk-child\"><\/div>\n\t<div class=\"sk-circle3 sk-child\"><\/div>\n\t<div class=\"sk-circle4 sk-child\"><\/div>\n\t<div class=\"sk-circle5 sk-child\"><\/div>\n\t<div class=\"sk-circle6 sk-child\"><\/div>\n\t<div class=\"sk-circle7 sk-child\"><\/div>\n\t<div class=\"sk-circle8 sk-child\"><\/div>\n\t<div class=\"sk-circle9 sk-child\"><\/div>\n\t<div class=\"sk-circle10 sk-child\"><\/div>\n\t<div class=\"sk-circle11 sk-child\"><\/div>\n\t<div class=\"sk-circle12 sk-child\"><\/div>\n<\/div>\n\t\t\t\t\t\t<\/div>\n\n\t\t\t\t\t\t<div class=\"grid-sizer\"><\/div>\n\t\t\t\t\t\n\t\t\t\t\t\t<div class=\"grid-item post-8577 courses type-courses status-publish has-post-thumbnail hentry course-tag-past-internships-fr course-free\">\n\t<div class=\"course-loop-wrapper unicamp-box unicamp-tooltip\"\n\t     data-tooltip=\"quick-view-course-8577-69de5032a9bba\">\n\n<div class=\"tutor-course-header\">\n\t\n<div class=\"course-thumbnail unicamp-image\">\n\t<a href=\"https:\/\/festwaveinstitute.com\/fr\/workshops\/stage-remunere-production-audiovisuelle\/\">\n\t\t<img loading=\"lazy\" decoding=\"async\"  loading=\"lazy\" src=\"https:\/\/festwaveinstitute.com\/wp-content\/uploads\/2025\/02\/stage-remunere-en-production-audiovisuelle-480x304.jpg\" alt=\"stage-remunere-en-production-audiovisuelle\" width=\"480\" height=\"304\" \/>\t<\/a>\n<\/div>\n\n\t<div class=\"course-loop-badges\">\n\t\n\t\t\t<div class=\"tutor-course-badge free\">Gratuit<\/div>\n\t\n\t<\/div>\n<\/div>\n\n<div class=\"course-loop-info\">\n<div class=\"course-loop-badge-level intermediate\">\n\t<span class=\"badge-text\">Interm\u00e9diaire<\/span>\n<\/div>\n<div class=\"course-loop-instructor\">\n\t<a class=\"instructor-name\"\n\t   href=\"https:\/\/festwaveinstitute.com\/fr\/profile\/admin_fif492?view=student\">Festwave Institute<\/a>\n<\/div>\n<h2 class=\"course-loop-title course-loop-title-collapse-2-rows\"><a href=\"https:\/\/festwaveinstitute.com\/fr\/workshops\/stage-remunere-production-audiovisuelle\/\">Stage r\u00e9mun\u00e9r\u00e9 en production audiovisuelle (fran\u00e7ais uniquement)<\/a><\/h2>\n\t\t\t<div class=\"course-loop-price\">\n\t\t\t\t\t\t\t\t\t<div class=\"tutor-price course-free\">\n\t\t\t\t\t\t<div\n\t\t\t\t\t\t\tclass=\"price\">Gratuit<\/div>\n\t\t\t\t\t<\/div>\n\t\t\t\t\t\t\t\t<\/div>\n\t\t\t\n<\/div>\n<div id=\"quick-view-course-8577-69de5032a9bba\" class=\"course-loop-quick-view\">\n\n\t<h2 class=\"course-loop-title course-loop-title-collapse-2-rows\"><a href=\"https:\/\/festwaveinstitute.com\/fr\/workshops\/stage-remunere-production-audiovisuelle\/\">Stage r\u00e9mun\u00e9r\u00e9 en production audiovisuelle (fran\u00e7ais uniquement)<\/a><\/h2>\n<div class=\"course-loop-meta style-01\">\n\t<div class=\"course-loop-meta-list\">\n\t\t\t\t\t<div class=\"course-loop-meta-item course-loop-meta-duration\">\n\t\t\t\t<div class=\"meta-value\">640 hours<\/div>\n\t\t\t<\/div>\n\t\t\n\t\t\n\t\t<div class=\"course-loop-meta-item course-loop-meta-level\">\n\t\t\t<div class=\"meta-value\">\n\t\t\t\tInterm\u00e9diaire\t\t\t<\/div>\n\t\t<\/div>\n\t<\/div>\n<\/div>\n<div class=\"course-loop-enrolled-button cart-notification\" data-notification=\"{&quot;image&quot;:&quot;https:\\\/\\\/festwaveinstitute.com\\\/wp-content\\\/uploads\\\/2025\\\/02\\\/stage-remunere-en-production-audiovisuelle-80x80.jpg&quot;,&quot;title&quot;:&quot;Stage r\\u00e9mun\\u00e9r\\u00e9 en production audiovisuelle (fran\\u00e7ais uniquement)&quot;}\"><div class=\"tm-button-wrapper\" >\t\t<a  class=\"tm-button style-flat tm-button-nm icon-left\" href=\"https:\/\/festwaveinstitute.com\/fr\/workshops\/stage-remunere-production-audiovisuelle\/\">\t\t<div class=\"button-content-wrapper\">\n\n\t\t\t\t\t\t\t<span class=\"button-icon\"><i class=\"fa-regular fa-shopping-cart\"><\/i><\/span>\n\t\t\t\n\t\t\t\t\t\t\t<span class=\"button-text\">Start Learning<\/span>\n\t\t\t\n\t\t\t\t\t<\/div>\n\t\t<\/a>\t\t<\/div><\/div><div class=\"tm-button-wrapper course-loop-wishlist-button\" >\t\t<a  data-course-id=\"8577\" class=\"tm-button style-text tm-button-nm unicamp-course-wishlist-btn open-popup-login icon-left\" href=\"javascript:void(0);\">\t\t<div class=\"button-content-wrapper\">\n\n\t\t\t\t\t\t\t<span class=\"button-icon\"><i class=\"far fa-heart\"><\/i><\/span>\n\t\t\t\n\t\t\t\t\t\t\t<span class=\"button-text\">Add to wishlist<\/span>\n\t\t\t\n\t\t\t\t\t<\/div>\n\t\t<\/a>\t\t<\/div><\/div>\n<\/div><\/div>\n\t\t\t\t<\/div>\n\n\t\t\t\t\t\t\t\t\t\t\t\t\t\t\t\t\t<\/div>\n\t\t\t\t\t\t<\/div>\n\t\t\t\t<\/div>\n\t\t\t\t<\/div>\n\t\t<div class=\"elementor-element elementor-element-7d6d2570 e-con-full e-flex e-con e-child\" data-id=\"7d6d2570\" data-element_type=\"container\" data-e-type=\"container\">\n\t\t\t\t<div class=\"elementor-element elementor-element-7fc57751 elementor-widget elementor-widget-sidebar\" data-id=\"7fc57751\" data-element_type=\"widget\" data-e-type=\"widget\" data-widget_type=\"sidebar.default\">\n\t\t\t\t\t<div id=\"unicamp-wp-widget-course-name-filter-1\" class=\"widget-odd widget-last widget-first widget-1 widget-search-form widget unicamp-wp-widget-course-name-filter\"><p class=\"widget-title heading\"><span>Rechercher<\/span><\/p>\t\t\t<form role=\"search\" method=\"get\" class=\"search-form\"\r\n\t\t\t      action=\"https:\/\/festwaveinstitute.com\/fr\/workshops\/\">\r\n\t\t\t\t<label class=\"screen-reader-text\"\r\n\t\t\t\t       for=\"course-search-field\">Recherche pour :<\/label>\r\n\t\t\t\t<input type=\"search\"\r\n\t\t\t\t       id=\"course-search-field\"\r\n\t\t\t\t       class=\"search-field\"\r\n\t\t\t\t       placeholder=\"Trouver votre cours\"\r\n\t\t\t\t       value=\"\"\r\n\t\t\t\t       name=\"filter_name\"\/>\r\n\t\t\t\t<button type=\"submit\" class=\"search-submit\">\r\n\t\t\t\t\t<span class=\"search-btn-icon far fa-search\"><\/span>\r\n\t\t\t\t\t<span class=\"search-btn-text\">\r\n\t\t\t\t\t\tRechercher\t\t\t\t\t<\/span>\r\n\t\t\t\t<\/button>\r\n\t\t\t<\/form>\r\n\t\t\t<\/div>\t\t\t\t<\/div>\n\t\t\t\t<\/div>\n\t\t\t\t\t<\/div>\n\t\t\t\t<\/div>\n\t\t\t\t<\/div>\n\t\t","protected":false},"excerpt":{"rendered":"<p>We found 1 course available for you Default Popularity Latest Price: low to high Price: high to low Free Beginner Festwave Institute Paid internship in audiovisual production (French only) Free Paid internship in audiovisual production (French only) Beginner Start Learning Remove from wishlist<\/p>\n","protected":false},"author":1,"featured_media":0,"parent":0,"menu_order":0,"comment_status":"closed","ping_status":"closed","template":"","meta":{"footnotes":""},"class_list":["post-8597","page","type-page","status-publish","hentry"],"_hostinger_reach_plugin_has_subscription_block":false,"_hostinger_reach_plugin_is_elementor":false,"_links":{"self":[{"href":"https:\/\/festwaveinstitute.com\/fr\/wp-json\/wp\/v2\/pages\/8597","targetHints":{"allow":["GET"]}}],"collection":[{"href":"https:\/\/festwaveinstitute.com\/fr\/wp-json\/wp\/v2\/pages"}],"about":[{"href":"https:\/\/festwaveinstitute.com\/fr\/wp-json\/wp\/v2\/types\/page"}],"author":[{"embeddable":true,"href":"https:\/\/festwaveinstitute.com\/fr\/wp-json\/wp\/v2\/users\/1"}],"replies":[{"embeddable":true,"href":"https:\/\/festwaveinstitute.com\/fr\/wp-json\/wp\/v2\/comments?post=8597"}],"version-history":[{"count":4,"href":"https:\/\/festwaveinstitute.com\/fr\/wp-json\/wp\/v2\/pages\/8597\/revisions"}],"predecessor-version":[{"id":8645,"href":"https:\/\/festwaveinstitute.com\/fr\/wp-json\/wp\/v2\/pages\/8597\/revisions\/8645"}],"wp:attachment":[{"href":"https:\/\/festwaveinstitute.com\/fr\/wp-json\/wp\/v2\/media?parent=8597"}],"curies":[{"name":"wp","href":"https:\/\/api.w.org\/{rel}","templated":true}]}}