{"id":7886,"date":"2021-02-02T02:08:49","date_gmt":"2021-02-02T07:08:49","guid":{"rendered":"https:\/\/festwaveinstitute.com\/etre-noir-e-au-canada\/"},"modified":"2025-07-26T00:20:50","modified_gmt":"2025-07-26T05:20:50","slug":"etre-noir-e-au-canada","status":"publish","type":"page","link":"https:\/\/festwaveinstitute.com\/fr\/etre-noir-e-au-canada\/","title":{"rendered":"\u00catre Noir.e au Canada"},"content":{"rendered":"\t\t<div data-elementor-type=\"wp-page\" data-elementor-id=\"7886\" class=\"elementor elementor-7886 elementor-554\" data-elementor-post-type=\"page\">\n\t\t\t\t\t\t<section class=\"elementor-section elementor-top-section elementor-element elementor-element-1c3e559 elementor-section-boxed elementor-section-gap-beside-yes elementor-section-height-default elementor-section-height-default elementor-section-column-vertical-align-stretch\" data-id=\"1c3e559\" data-element_type=\"section\" data-e-type=\"section\">\n\t\t\t\t\t\t<div class=\"elementor-container elementor-column-gap-extended\">\n\t\t\t\t\t<div class=\"elementor-column elementor-col-100 elementor-top-column elementor-element elementor-element-fa2fecd\" data-id=\"fa2fecd\" data-element_type=\"column\" data-e-type=\"column\">\n\t\t\t<div class=\"elementor-widget-wrap elementor-element-populated\">\n\t\t\t\t\t\t<div class=\"elementor-element elementor-element-f97e3d0 elementor-invisible elementor-widget elementor-widget-tm-heading\" data-id=\"f97e3d0\" data-element_type=\"widget\" data-e-type=\"widget\" data-settings=\"{&quot;_animation&quot;:&quot;unicampFadeInUp&quot;}\" data-widget_type=\"tm-heading.default\">\n\t\t\t\t<div class=\"elementor-widget-container\">\n\t\t\t\t\t\t\t<div class=\"tm-modern-heading\">\n\t\t\t\n\t\t\t\t\t<div class=\"heading-primary-wrap\">\n\t\t\t<h1 class=\"heading-primary elementor-heading-title\">\u00catre Noir.e au Canada<\/h1>\t\t<\/div>\n\t\t\n\t\t\t\t    <div class=\"heading-divider\"><\/div>\n\t    \n\t\t\t\t\t<div class=\"heading-description-wrap\">\n\t\t\t<div class=\"heading-description\">\n\t\t\t\t<strong>\u00catre Noir.e au Canada<\/strong> repr\u00e9sente <strong>le plus grand programme de formation, mentorat et cr\u00e9ation au Canada \u00e0 \u00eatre enti\u00e8rement consacr\u00e9 aux cin\u00e9astes noirs<\/strong>. Cette importante initiative, issue du <strong>programme Rel\u00e8ve et Diversit\u00e9 de la Fondation Fabienne Colas<\/strong>, vise \u00e0 cr\u00e9er, professionnaliser et outiller la rel\u00e8ve noire du Cin\u00e9ma et de la T\u00e9l\u00e9vision. \t\t\t<\/div>\n\t\t<\/div>\n\t\t\t<\/div>\n\t\t\t\t\t\t<\/div>\n\t\t\t\t<\/div>\n\t\t\t\t\t<\/div>\n\t\t<\/div>\n\t\t\t\t\t<\/div>\n\t\t<\/section>\n\t\t\t\t<section class=\"elementor-section elementor-top-section elementor-element elementor-element-8d6bcec elementor-section-boxed elementor-section-gap-beside-yes elementor-section-height-default elementor-section-height-default elementor-section-column-vertical-align-stretch\" data-id=\"8d6bcec\" data-element_type=\"section\" data-e-type=\"section\" data-settings=\"{&quot;background_background&quot;:&quot;classic&quot;}\">\n\t\t\t\t\t\t<div class=\"elementor-container elementor-column-gap-extended\">\n\t\t\t\t\t<div class=\"elementor-column elementor-col-100 elementor-top-column elementor-element elementor-element-d15e34e\" data-id=\"d15e34e\" data-element_type=\"column\" data-e-type=\"column\">\n\t\t\t<div class=\"elementor-widget-wrap elementor-element-populated\">\n\t\t\t\t\t\t<section class=\"elementor-section elementor-inner-section elementor-element elementor-element-a4f9268 elementor-section-gap-beside-no elementor-reverse-tablet elementor-reverse-mobile elementor-section-boxed elementor-section-height-default elementor-section-height-default elementor-section-content-align-center elementor-section-column-vertical-align-stretch\" data-id=\"a4f9268\" data-element_type=\"section\" data-e-type=\"section\">\n\t\t\t\t\t\t<div class=\"elementor-container elementor-column-gap-extended\">\n\t\t\t\t\t<div class=\"elementor-column elementor-col-50 elementor-inner-column elementor-element elementor-element-dc3219f\" data-id=\"dc3219f\" data-element_type=\"column\" data-e-type=\"column\">\n\t\t\t<div class=\"elementor-widget-wrap elementor-element-populated\">\n\t\t\t\t\t\t<div class=\"elementor-element elementor-element-a489077 elementor-widget elementor-widget-spacer\" data-id=\"a489077\" data-element_type=\"widget\" data-e-type=\"widget\" data-widget_type=\"spacer.default\">\n\t\t\t\t\t\t\t<div class=\"elementor-spacer\">\n\t\t\t<div class=\"elementor-spacer-inner\"><\/div>\n\t\t<\/div>\n\t\t\t\t\t\t<\/div>\n\t\t\t\t<div class=\"elementor-element elementor-element-ff8c9c5 unicamp-graphic-position-top elementor-invisible elementor-widget elementor-widget-tm-icon-box\" data-id=\"ff8c9c5\" data-element_type=\"widget\" data-e-type=\"widget\" data-settings=\"{&quot;_animation&quot;:&quot;unicampFadeInUp&quot;}\" data-widget_type=\"tm-icon-box.default\">\n\t\t\t\t<div class=\"elementor-widget-container\">\n\t\t\t\t\t\t\t<div class=\"tm-icon-box unicamp-box has-link\">\n\t\t<div class=\"unicamp-graphic-box icon-box-wrapper\">\n\t\t\t\n\t\t\t<div class=\"unicamp-graphic-content icon-box-content\">\n\t\t\t\t\t\t<div class=\"heading-wrap\">\n\t\t\t<h1 class=\"heading\">Mission &amp; Objectifs<\/h1>\n\t\t\t\t\t<div class=\"heading-divider\"><\/div>\n\t\t\t\t<\/div>\n\t\t\n\t\t\t\t\t\t<div class=\"description-wrap\">\n\t\t\t<div class=\"description\">\n\t\t\t\t<p>\n<strong>Le Programme \u00catre Noir.e au Canada<\/strong> a \u00e9t\u00e9 mis sur pied pour pallier au manque flagrant de diversit\u00e9 et du peu de gens des communaut\u00e9s noires devant et derri\u00e8re la cam\u00e9ra au Canada. Il donne une voix et une plateforme \u00e0 des cr\u00e9ateurs qui, autrement, ne seraient ni vus ni entendus. <strong>La Fondation veut ainsi favoriser l\u2019\u00e9galit\u00e9 des chances pour les cin\u00e9astes noirs<\/strong> tout en diversifiant nos \u00e9crans trop blancs pour une soci\u00e9t\u00e9 m\u00e9tiss\u00e9e. \n<\/p>\n\n<p>\nEn 2021, <strong>\u00catre Noir.e au Canada<\/strong> a permis \u00e0 35 cin\u00e9astes noirs \u00e9mergents mal desservis \u00e0 Montr\u00e9al, Toronto, Halifax, Ottawa, Calgary et Vancouver de cr\u00e9er leurs premiers courts m\u00e9trages documentaires. Le programme accueille 35 nouveaux artistes Noir.es par ann\u00e9e. Le programme offre une <strong>formation GRATUITE, du mentorat, de la formation, du mat\u00e9riel professionnel, des studios de montage et des \u00e9quipes professionnelles<\/strong> pour aider les jeunes cin\u00e9astes dans leur processus de cr\u00e9ation et r\u00e9alisation du d\u00e9but \u00e0 la fin. Ensuite, nous projetterons leurs films aux Festivals du Film Black de Montr\u00e9al, Toronto, Halifax, Ottawa, Calgary et Vancouver et ailleurs.  \n<\/p>\n\t\t\t<\/div>\n\t\t<\/div>\n\t\t\n\t\t\t\t\t\t<div class=\"tm-button-wrapper\">\n\t\t\t<a class=\"tm-button style-flat tm-button-nm icon-right\" href=\"https:\/\/beingblackincanada.com\/\">\t\t\t<div class=\"button-content-wrapper\">\n\t\t\t\t\n\t\t\t\t\t\t\t\t\t<span class=\"button-text\">En savoir plus<\/span>\n\t\t\t\t\n\t\t\t\t\t\t\t\t\t<span class=\"button-icon\">\n\t\t\t\t\t\t\t<i class=\"fas fa-long-arrow-right\"><\/i>\t\t\t\t\t\t<\/span>\n\t\t\t\t\t\t\t<\/div>\n\t\t\t<\/a>\t\t<\/div>\n\t\t\t\t\t<\/div>\n\t\t<\/div>\n\n\t\t<\/div>\t\t\t\t\t\t<\/div>\n\t\t\t\t<\/div>\n\t\t\t\t\t<\/div>\n\t\t<\/div>\n\t\t\t\t<div class=\"elementor-column elementor-col-50 elementor-inner-column elementor-element elementor-element-d6581b5\" data-id=\"d6581b5\" data-element_type=\"column\" data-e-type=\"column\">\n\t\t\t<div class=\"elementor-widget-wrap elementor-element-populated\">\n\t\t\t\t\t\t<div class=\"elementor-element elementor-element-48452b6 elementor-widget elementor-widget-spacer\" data-id=\"48452b6\" data-element_type=\"widget\" data-e-type=\"widget\" data-widget_type=\"spacer.default\">\n\t\t\t\t\t\t\t<div class=\"elementor-spacer\">\n\t\t\t<div class=\"elementor-spacer-inner\"><\/div>\n\t\t<\/div>\n\t\t\t\t\t\t<\/div>\n\t\t\t\t<div class=\"elementor-element elementor-element-281756b elementor-invisible elementor-widget elementor-widget-image\" data-id=\"281756b\" data-element_type=\"widget\" data-e-type=\"widget\" data-settings=\"{&quot;_animation&quot;:&quot;unicampFadeInUp&quot;}\" data-widget_type=\"image.default\">\n\t\t\t\t\t\t\t\t\t\t\t\t\t\t\t<img fetchpriority=\"high\" decoding=\"async\" width=\"640\" height=\"847\" src=\"https:\/\/festwaveinstitute.com\/wp-content\/uploads\/2025\/07\/our-mission-banner.jpg\" class=\"attachment-large size-large wp-image-3960\" alt=\"\" srcset=\"https:\/\/festwaveinstitute.com\/wp-content\/uploads\/2025\/07\/our-mission-banner.jpg 680w, https:\/\/festwaveinstitute.com\/wp-content\/uploads\/2025\/07\/our-mission-banner-227x300.jpg 227w\" sizes=\"(max-width: 640px) 100vw, 640px\" \/>\t\t\t\t\t\t\t\t\t\t\t\t\t\t\t<\/div>\n\t\t\t\t\t<\/div>\n\t\t<\/div>\n\t\t\t\t\t<\/div>\n\t\t<\/section>\n\t\t\t\t\t<\/div>\n\t\t<\/div>\n\t\t\t\t\t<\/div>\n\t\t<\/section>\n\t\t\t\t<section class=\"elementor-section elementor-top-section elementor-element elementor-element-588d1ec elementor-section-boxed elementor-section-gap-beside-yes elementor-section-height-default elementor-section-height-default elementor-section-column-vertical-align-stretch\" data-id=\"588d1ec\" data-element_type=\"section\" data-e-type=\"section\">\n\t\t\t\t\t\t<div class=\"elementor-container elementor-column-gap-extended\">\n\t\t\t\t\t<div class=\"elementor-column elementor-col-100 elementor-top-column elementor-element elementor-element-eec9945\" data-id=\"eec9945\" data-element_type=\"column\" data-e-type=\"column\">\n\t\t\t<div class=\"elementor-widget-wrap elementor-element-populated\">\n\t\t\t\t\t\t<div class=\"elementor-element elementor-element-f464988 elementor-invisible elementor-widget elementor-widget-tm-heading\" data-id=\"f464988\" data-element_type=\"widget\" data-e-type=\"widget\" data-settings=\"{&quot;_animation&quot;:&quot;unicampFadeInUp&quot;}\" data-widget_type=\"tm-heading.default\">\n\t\t\t\t<div class=\"elementor-widget-container\">\n\t\t\t\t\t\t\t<div class=\"tm-modern-heading\">\n\t\t\t\n\t\t\t\t\t<div class=\"heading-primary-wrap\">\n\t\t\t<h1 class=\"heading-primary elementor-heading-title\">Historique<\/h1>\t\t<\/div>\n\t\t\n\t\t\t\t    <div class=\"heading-divider\"><\/div>\n\t    \n\t\t\t\t\t<div class=\"heading-description-wrap\">\n\t\t\t<div class=\"heading-description\">\n\t\t\t\t<p><strong>Lanc\u00e9 \u00e0 Montr\u00e9al en 2014<\/strong>, le programme s\u2019est \u00e9tendu en <strong>2019 <\/strong>\u00e0 Toronto et Halifax, en collaboration avec les festivals de films noirs de Montr\u00e9al, Toronto et Halifax. Cette ann\u00e9e-l\u00e0, 1<strong>5 jeunes cin\u00e9astes noirs \u00e9mergents<\/strong> (\u00e2g\u00e9s de 18 \u00e0 30 ans) issus des trois villes ont r\u00e9alis\u00e9 des documentaires de 10 minutes explorant l\u2019int\u00e9gration des communaut\u00e9s noires au Canada. Ils ont b\u00e9n\u00e9fici\u00e9 d\u2019un accompagnement complet et de ressources professionnelles \u00e0 toutes les \u00e9tapes de la production.  <\/p><p>Les films ont \u00e9t\u00e9 pr\u00e9sent\u00e9s en premi\u00e8re au <strong>Festival International du Film Black de Montr\u00e9al<\/strong> (septembre 2019), suivis de projections aux <strong>festivals de films noirs de Toronto <\/strong>et <strong>Halifax <\/strong>(f\u00e9vrier 2020), accompagn\u00e9es de discussions sur les r\u00e9alit\u00e9s noires et l\u2019inclusion. Par la suite, les films ont \u00e9t\u00e9 diffus\u00e9s sur <strong>CBC<\/strong>, <strong>T\u00e9l\u00e9-Qu\u00e9bec<\/strong> et <strong>TFO<\/strong>. <\/p><p>En <strong>2021<\/strong>, gr\u00e2ce au soutien de <strong>Netflix<\/strong>, de <strong>la Banque Nationale<\/strong>, de <strong>T\u00e9l\u00e9film Canada<\/strong>, du <strong>Conseil des arts du Canada<\/strong> et d\u2019autres partenaires, le programme s\u2019est \u00e9tendu \u00e0 <strong>Ottawa<\/strong>, <strong>Calgary <\/strong>et <strong>Vancouver<\/strong>. Il accompagne d\u00e9sormais chaque ann\u00e9e <strong>35 nouveaux artistes noirs<\/strong>, dont les films sont pr\u00e9sent\u00e9s dans les principaux festivals de films noirs et diffus\u00e9s \u00e0 la t\u00e9l\u00e9vision. <\/p>\t\t\t<\/div>\n\t\t<\/div>\n\t\t\t<\/div>\n\t\t\t\t\t\t<\/div>\n\t\t\t\t<\/div>\n\t\t\t\t<section class=\"elementor-section elementor-inner-section elementor-element elementor-element-476b84b elementor-section-gap-beside-no elementor-section-boxed elementor-section-height-default elementor-section-height-default elementor-section-content-align-center elementor-section-column-vertical-align-stretch elementor-invisible\" data-id=\"476b84b\" data-element_type=\"section\" data-e-type=\"section\" data-settings=\"{&quot;animation&quot;:&quot;unicampFadeInUp&quot;}\">\n\t\t\t\t\t\t<div class=\"elementor-container elementor-column-gap-extended\">\n\t\t\t\t\t<div class=\"elementor-column elementor-col-100 elementor-inner-column elementor-element elementor-element-1f99135\" data-id=\"1f99135\" data-element_type=\"column\" data-e-type=\"column\">\n\t\t\t<div class=\"elementor-widget-wrap elementor-element-populated\">\n\t\t\t\t\t\t<div class=\"elementor-element elementor-element-af4a859 unicamp-gradation-layout-inline unicamp-gradation-style-01 elementor-invisible elementor-widget elementor-widget-tm-gradation\" data-id=\"af4a859\" data-element_type=\"widget\" data-e-type=\"widget\" data-settings=\"{&quot;_animation&quot;:&quot;unicampFadeInUp&quot;}\" data-widget_type=\"tm-gradation.default\">\n\t\t\t\t<div class=\"elementor-widget-container\">\n\t\t\t\t\t\t\t<div class=\"unicamp-gradation\">\n\t\t\t\t\t\t\t\t\t\t\t\t\t\t\t\t\t<div class=\"item\">\n\n\t\t\t\t\t\t<div class=\"graphic-wrap\">\n\t\t\t\t\t\t\t<div class=\"graphic-element\">\n\t\t\t\t\t\t\t\t\t\t\t\t\t\t\t\t\t<div class=\"graphic unicamp-icon icon\">\n\t\t\t\t\t\t\t\t\t\t<i aria-hidden=\"true\" class=\"fa-light fa-rocket-launch\"><\/i>\t\t\t\t\t\t\t\t\t<\/div>\n\t\t\t\t\t\t\t\t\t\t\t\t\t\t\t<\/div>\n\t\t\t\t\t\t\t<div class=\"line\"><\/div>\n\t\t\t\t\t\t<\/div>\n\n\t\t\t\t\t\t<div class=\"content-wrap\">\n\t\t\t\t\t\t\t\t\t\t\t\t\t\t\t<h5 class=\"title\">2014 \u2013 Program Launch<\/h5>\n\t\t\t\t\t\t\t\n\t\t\t\t\t\t\t\t\t\t\t\t\t\t\t<div class=\"description\">The Being Black in Canada program is born in Montr\u00e9al, creating a space for Black voices in film.<\/div>\n\t\t\t\t\t\t\t\t\t\t\t\t\t<\/div>\n\t\t\t\t\t<\/div>\n\t\t\t\t\t\t\t\t\t\t\t\t\t\t\t\t\t\t\t<div class=\"item\">\n\n\t\t\t\t\t\t<div class=\"graphic-wrap\">\n\t\t\t\t\t\t\t<div class=\"graphic-element\">\n\t\t\t\t\t\t\t\t\t\t\t\t\t\t\t\t\t<div class=\"graphic unicamp-icon icon\">\n\t\t\t\t\t\t\t\t\t\t<i aria-hidden=\"true\" class=\"fa-regular fa-arrows-maximize\"><\/i>\t\t\t\t\t\t\t\t\t<\/div>\n\t\t\t\t\t\t\t\t\t\t\t\t\t\t\t<\/div>\n\t\t\t\t\t\t\t<div class=\"line\"><\/div>\n\t\t\t\t\t\t<\/div>\n\n\t\t\t\t\t\t<div class=\"content-wrap\">\n\t\t\t\t\t\t\t\t\t\t\t\t\t\t\t<h5 class=\"title\">2019 \u2013 First Expansion<\/h5>\n\t\t\t\t\t\t\t\n\t\t\t\t\t\t\t\t\t\t\t\t\t\t\t<div class=\"description\">Program grows to Toronto and Halifax. 15 filmmakers create documentaries that premiere at national festivals.<\/div>\n\t\t\t\t\t\t\t\t\t\t\t\t\t<\/div>\n\t\t\t\t\t<\/div>\n\t\t\t\t\t\t\t\t\t\t\t\t\t\t\t\t\t\t\t<div class=\"item\">\n\n\t\t\t\t\t\t<div class=\"graphic-wrap\">\n\t\t\t\t\t\t\t<div class=\"graphic-element\">\n\t\t\t\t\t\t\t\t\t\t\t\t\t\t\t\t\t<div class=\"graphic unicamp-icon icon\">\n\t\t\t\t\t\t\t\t\t\t<i aria-hidden=\"true\" class=\"fa-light fa-tower-broadcast\"><\/i>\t\t\t\t\t\t\t\t\t<\/div>\n\t\t\t\t\t\t\t\t\t\t\t\t\t\t\t<\/div>\n\t\t\t\t\t\t\t<div class=\"line\"><\/div>\n\t\t\t\t\t\t<\/div>\n\n\t\t\t\t\t\t<div class=\"content-wrap\">\n\t\t\t\t\t\t\t\t\t\t\t\t\t\t\t<h5 class=\"title\">2020 \u2013 National Broadcast<\/h5>\n\t\t\t\t\t\t\t\n\t\t\t\t\t\t\t\t\t\t\t\t\t\t\t<div class=\"description\">The films reach broader audiences through CBC, T\u00e9l\u00e9-Qu\u00e9bec, and TFO, sparking important conversations.<\/div>\n\t\t\t\t\t\t\t\t\t\t\t\t\t<\/div>\n\t\t\t\t\t<\/div>\n\t\t\t\t\t\t\t\t\t\t\t\t\t\t\t\t\t\t\t<div class=\"item\">\n\n\t\t\t\t\t\t<div class=\"graphic-wrap\">\n\t\t\t\t\t\t\t<div class=\"graphic-element\">\n\t\t\t\t\t\t\t\t\t\t\t\t\t\t\t\t\t<div class=\"graphic unicamp-icon icon\">\n\t\t\t\t\t\t\t\t\t\t<i aria-hidden=\"true\" class=\"fa-regular fa-earth-americas\"><\/i>\t\t\t\t\t\t\t\t\t<\/div>\n\t\t\t\t\t\t\t\t\t\t\t\t\t\t\t<\/div>\n\t\t\t\t\t\t\t<div class=\"line\"><\/div>\n\t\t\t\t\t\t<\/div>\n\n\t\t\t\t\t\t<div class=\"content-wrap\">\n\t\t\t\t\t\t\t\t\t\t\t\t\t\t\t<h5 class=\"title\">2021 \u2013 National Rollout<\/h5>\n\t\t\t\t\t\t\t\n\t\t\t\t\t\t\t\t\t\t\t\t\t\t\t<div class=\"description\">With major support, the program expands to Ottawa, Calgary, and Vancouver \u2014 welcoming 35 new filmmakers annually.<\/div>\n\t\t\t\t\t\t\t\t\t\t\t\t\t<\/div>\n\t\t\t\t\t<\/div>\n\t\t\t\t\t\t\t\t\t\t\t\t\t\t<\/div>\n\t\t\t\t\t\t<\/div>\n\t\t\t\t<\/div>\n\t\t\t\t\t<\/div>\n\t\t<\/div>\n\t\t\t\t\t<\/div>\n\t\t<\/section>\n\t\t\t\t\t<\/div>\n\t\t<\/div>\n\t\t\t\t\t<\/div>\n\t\t<\/section>\n\t\t\t\t<section class=\"elementor-section elementor-top-section elementor-element elementor-element-618093f elementor-section-boxed elementor-section-gap-beside-yes elementor-section-height-default elementor-section-height-default elementor-section-column-vertical-align-stretch\" data-id=\"618093f\" data-element_type=\"section\" data-e-type=\"section\" data-settings=\"{&quot;background_background&quot;:&quot;classic&quot;}\">\n\t\t\t\t\t\t<div class=\"elementor-container elementor-column-gap-extended\">\n\t\t\t\t\t<div class=\"elementor-column elementor-col-100 elementor-top-column elementor-element elementor-element-3b60a77\" data-id=\"3b60a77\" data-element_type=\"column\" data-e-type=\"column\">\n\t\t\t<div class=\"elementor-widget-wrap elementor-element-populated\">\n\t\t\t\t\t\t<div class=\"elementor-element elementor-element-a9c43ed elementor-invisible elementor-widget elementor-widget-tm-heading\" data-id=\"a9c43ed\" data-element_type=\"widget\" data-e-type=\"widget\" data-settings=\"{&quot;_animation&quot;:&quot;unicampFadeInUp&quot;}\" data-widget_type=\"tm-heading.default\">\n\t\t\t\t<div class=\"elementor-widget-container\">\n\t\t\t\t\t\t\t<div class=\"tm-modern-heading\">\n\t\t\t\n\t\t\t\t\t<div class=\"heading-primary-wrap\">\n\t\t\t<h2 class=\"heading-primary elementor-heading-title\">D\u00e9couvrez-en plus sur le programme\u202f!<\/h2>\t\t<\/div>\n\t\t\n\t\t\t\n\t\t\t\t\t<div class=\"heading-description-wrap\">\n\t\t\t<div class=\"heading-description\">\n\t\t\t\t<p>Envie d\u2019en savoir plus sur les histoires, les films et l\u2019impact du programme \u00catre Noir.e au Canada\u202f?<br><strong>Visitez notre site web pour d\u00e9couvrir tous les d\u00e9tails, les parcours des cin\u00e9astes et les \u00e9v\u00e8nements \u00e0 venir.<\/strong><\/p>\t\t\t<\/div>\n\t\t<\/div>\n\t\t\t<\/div>\n\t\t\t\t\t\t<\/div>\n\t\t\t\t<\/div>\n\t\t\t\t<div class=\"elementor-element elementor-element-ceab1c9 elementor-align-center elementor-invisible elementor-widget elementor-widget-tm-button\" data-id=\"ceab1c9\" data-element_type=\"widget\" data-e-type=\"widget\" data-settings=\"{&quot;_animation&quot;:&quot;unicampFadeInUp&quot;}\" data-widget_type=\"tm-button.default\">\n\t\t\t\t<div class=\"elementor-widget-container\">\n\t\t\t\t\t\t\t<div class=\"tm-button-wrapper\">\n\t\t\t<a href=\"https:\/\/beingblackincanada.com\/\" class=\"tm-button-link tm-button style-flat tm-button-nm icon-right\" role=\"button\">\n\t\t\t\t\t\t<div class=\"button-content-wrapper\">\n\t\t\t\n\t\t\t\t\t\t\t<span class=\"button-text\">Visiter le site web<\/span>\n\t\t\t\n\t\t\t\t\t\t\t<span class=\"button-icon\">\n\t\t\t\t\t<i class=\"fas fa-long-arrow-right\"><\/i>\t\t\t\t<\/span>\n\t\t\t\t\t<\/div>\n\t\t\n\t\t\t\t\t\t\t<\/a>\n\t\t<\/div>\n\t\t\t\t\t\t<\/div>\n\t\t\t\t<\/div>\n\t\t\t\t\t<\/div>\n\t\t<\/div>\n\t\t\t\t\t<\/div>\n\t\t<\/section>\n\t\t\t\t<\/div>\n\t\t","protected":false},"excerpt":{"rendered":"<p>\u00catre Noir.e au Canada \u00catre Noir.e au Canada repr\u00e9sente le plus grand programme de formation, mentorat et cr\u00e9ation au Canada \u00e0 \u00eatre enti\u00e8rement consacr\u00e9 aux cin\u00e9astes noirs. Cette importante initiative, issue du programme Rel\u00e8ve et Diversit\u00e9 de la Fondation Fabienne Colas, vise \u00e0 cr\u00e9er, professionnaliser et outiller la rel\u00e8ve noire du Cin\u00e9ma et de la T\u00e9l\u00e9vision. Mission &amp; Objectifs Le Programme \u00catre Noir.e au Canada a \u00e9t\u00e9 mis sur pied pour pallier au manque flagrant de diversit\u00e9 et du peu de gens des communaut\u00e9s noires devant et derri\u00e8re la cam\u00e9ra au Canada. Il donne une voix et une plateforme \u00e0 des cr\u00e9ateurs qui, autrement, ne seraient ni vus ni entendus. La Fondation veut ainsi favoriser l\u2019\u00e9galit\u00e9 des chances pour les cin\u00e9astes noirs tout en diversifiant nos \u00e9crans trop blancs pour une soci\u00e9t\u00e9 m\u00e9tiss\u00e9e. En 2021, \u00catre Noir.e au Canada a permis \u00e0 35 cin\u00e9astes noirs \u00e9mergents mal desservis \u00e0 Montr\u00e9al, Toronto, Halifax, Ottawa, Calgary et Vancouver de cr\u00e9er leurs premiers courts m\u00e9trages documentaires. Le programme accueille 35 nouveaux artistes Noir.es par ann\u00e9e. Le programme offre une formation GRATUITE, du mentorat, de la formation, du mat\u00e9riel professionnel, des studios de montage et des \u00e9quipes professionnelles pour aider les jeunes cin\u00e9astes dans leur processus de cr\u00e9ation et r\u00e9alisation du d\u00e9but \u00e0 la fin. Ensuite, nous projetterons leurs films aux Festivals du Film Black de Montr\u00e9al, Toronto, Halifax, Ottawa, Calgary et Vancouver et ailleurs. En savoir plus Historique Lanc\u00e9 \u00e0 Montr\u00e9al en 2014, le programme s\u2019est \u00e9tendu en 2019 \u00e0 Toronto et Halifax, en collaboration avec les festivals de films noirs de Montr\u00e9al, Toronto et Halifax. Cette ann\u00e9e-l\u00e0, 15 jeunes cin\u00e9astes noirs \u00e9mergents (\u00e2g\u00e9s de 18 \u00e0 30 ans) issus des trois villes ont r\u00e9alis\u00e9 des documentaires de 10 minutes explorant l\u2019int\u00e9gration des communaut\u00e9s noires au Canada. Ils ont b\u00e9n\u00e9fici\u00e9 d\u2019un accompagnement complet et de ressources professionnelles \u00e0 toutes les \u00e9tapes de la production. Les films ont \u00e9t\u00e9 pr\u00e9sent\u00e9s en premi\u00e8re au Festival International du Film Black de Montr\u00e9al (septembre 2019), suivis de projections aux festivals de films noirs de Toronto et Halifax (f\u00e9vrier 2020), accompagn\u00e9es de discussions sur les r\u00e9alit\u00e9s noires et l\u2019inclusion. Par la suite, les films ont \u00e9t\u00e9 diffus\u00e9s sur CBC, T\u00e9l\u00e9-Qu\u00e9bec et TFO. En 2021, gr\u00e2ce au soutien de Netflix, de la Banque Nationale, de T\u00e9l\u00e9film Canada, du Conseil des arts du Canada et d\u2019autres partenaires, le programme s\u2019est \u00e9tendu \u00e0 Ottawa, Calgary et Vancouver. Il accompagne d\u00e9sormais chaque ann\u00e9e 35 nouveaux artistes noirs, dont les films sont pr\u00e9sent\u00e9s dans les principaux festivals de films noirs et diffus\u00e9s \u00e0 la t\u00e9l\u00e9vision. 2014 \u2013 Program Launch The Being Black in Canada program is born in Montr\u00e9al, creating a space for Black voices in film. 2019 \u2013 First Expansion Program grows to Toronto and Halifax. 15 filmmakers create documentaries that premiere at national festivals. 2020 \u2013 National Broadcast The films reach broader audiences through CBC, T\u00e9l\u00e9-Qu\u00e9bec, and TFO, sparking important conversations. 2021 \u2013 National Rollout With major support, the program expands to Ottawa, Calgary, and Vancouver \u2014 welcoming 35 new filmmakers annually. D\u00e9couvrez-en plus sur le programme\u202f! Envie d\u2019en savoir plus sur les histoires, les films et l\u2019impact du programme \u00catre Noir.e au Canada\u202f?Visitez notre site web pour d\u00e9couvrir tous les d\u00e9tails, les parcours des cin\u00e9astes et les \u00e9v\u00e8nements \u00e0 venir. Visiter le site web<\/p>\n","protected":false},"author":1,"featured_media":0,"parent":0,"menu_order":0,"comment_status":"closed","ping_status":"closed","template":"","meta":{"footnotes":""},"class_list":["post-7886","page","type-page","status-publish","hentry","post-no-thumbnail"],"_hostinger_reach_plugin_has_subscription_block":false,"_hostinger_reach_plugin_is_elementor":false,"_links":{"self":[{"href":"https:\/\/festwaveinstitute.com\/fr\/wp-json\/wp\/v2\/pages\/7886","targetHints":{"allow":["GET"]}}],"collection":[{"href":"https:\/\/festwaveinstitute.com\/fr\/wp-json\/wp\/v2\/pages"}],"about":[{"href":"https:\/\/festwaveinstitute.com\/fr\/wp-json\/wp\/v2\/types\/page"}],"author":[{"embeddable":true,"href":"https:\/\/festwaveinstitute.com\/fr\/wp-json\/wp\/v2\/users\/1"}],"replies":[{"embeddable":true,"href":"https:\/\/festwaveinstitute.com\/fr\/wp-json\/wp\/v2\/comments?post=7886"}],"version-history":[{"count":3,"href":"https:\/\/festwaveinstitute.com\/fr\/wp-json\/wp\/v2\/pages\/7886\/revisions"}],"predecessor-version":[{"id":7889,"href":"https:\/\/festwaveinstitute.com\/fr\/wp-json\/wp\/v2\/pages\/7886\/revisions\/7889"}],"wp:attachment":[{"href":"https:\/\/festwaveinstitute.com\/fr\/wp-json\/wp\/v2\/media?parent=7886"}],"curies":[{"name":"wp","href":"https:\/\/api.w.org\/{rel}","templated":true}]}}