{"id":4160,"date":"2025-07-13T16:23:04","date_gmt":"2025-07-13T21:23:04","guid":{"rendered":"https:\/\/festwaveinstitute.com\/nos-partenaires\/"},"modified":"2025-09-02T20:43:15","modified_gmt":"2025-09-03T01:43:15","slug":"nos-partenaires","status":"publish","type":"page","link":"https:\/\/festwaveinstitute.com\/fr\/nos-partenaires\/","title":{"rendered":"Nos partenaires"},"content":{"rendered":"\t\t<div data-elementor-type=\"wp-page\" data-elementor-id=\"4160\" class=\"elementor elementor-4160 elementor-4131\" data-elementor-post-type=\"page\">\n\t\t\t\t<div class=\"elementor-element elementor-element-ad83848 e-con-full e-flex e-con e-parent\" data-id=\"ad83848\" data-element_type=\"container\" data-e-type=\"container\">\n\t\t\t\t<div class=\"elementor-element elementor-element-e2acff2 elementor-widget elementor-widget-text-editor\" data-id=\"e2acff2\" data-element_type=\"widget\" data-e-type=\"widget\" data-widget_type=\"text-editor.default\">\n\t\t\t\t\t\t\t\t\t<h1>L\u2019Institut n\u2019aurait pas vu le jour sans le g\u00e9n\u00e9reux soutien du gouvernement du Canada.<\/h1>\t\t\t\t\t\t\t\t<\/div>\n\t\t\t\t<\/div>\n\t\t<div class=\"elementor-element elementor-element-2c413a5 e-con-full e-flex e-con e-parent\" data-id=\"2c413a5\" data-element_type=\"container\" data-e-type=\"container\">\n\t\t<div class=\"elementor-element elementor-element-25b4fd6 e-con-full e-flex e-con e-child\" data-id=\"25b4fd6\" data-element_type=\"container\" data-e-type=\"container\">\n\t\t\t\t<div class=\"elementor-element elementor-element-8d822cb elementor-widget elementor-widget-image\" data-id=\"8d822cb\" data-element_type=\"widget\" data-e-type=\"widget\" data-widget_type=\"image.default\">\n\t\t\t\t\t\t\t\t\t\t\t\t\t\t\t<img decoding=\"async\" src=\"https:\/\/festwaveinstitute.com\/wp-content\/uploads\/elementor\/thumbs\/CANADA-GOV-LOGO-768x307-1-r8pgecxqyz71yd7wm4a0fv9o01jqk4duorbsmh5bgm.jpeg\" title=\"CANADA-GOV-LOGO-768&#215;307\" alt=\"CANADA-GOV-LOGO-768x307\" loading=\"lazy\" \/>\t\t\t\t\t\t\t\t\t\t\t\t\t\t\t<\/div>\n\t\t\t\t<\/div>\n\t\t<div class=\"elementor-element elementor-element-9d2bdd2 e-con-full e-flex e-con e-child\" data-id=\"9d2bdd2\" data-element_type=\"container\" data-e-type=\"container\">\n\t\t\t\t<div class=\"elementor-element elementor-element-7412fa9 elementor-widget elementor-widget-image\" data-id=\"7412fa9\" data-element_type=\"widget\" data-e-type=\"widget\" data-widget_type=\"image.default\">\n\t\t\t\t\t\t\t\t\t\t\t\t\t\t\t<img decoding=\"async\" src=\"https:\/\/festwaveinstitute.com\/wp-content\/uploads\/elementor\/thumbs\/CED-LOGO-768x307-1-r8pgeetfcn9mll56b539kusl6tagzilbd0mrl12j46.jpeg\" title=\"CED-LOGO-768&#215;307\" alt=\"CED-LOGO-768x307\" loading=\"lazy\" \/>\t\t\t\t\t\t\t\t\t\t\t\t\t\t\t<\/div>\n\t\t\t\t<\/div>\n\t\t\t\t<\/div>\n\t\t<div class=\"elementor-element elementor-element-de3fe47 e-con-full e-flex e-con e-parent\" data-id=\"de3fe47\" data-element_type=\"container\" data-e-type=\"container\" data-settings=\"{&quot;background_background&quot;:&quot;classic&quot;}\">\n\t\t<div class=\"elementor-element elementor-element-ad850fb e-con-full e-flex e-con e-child\" data-id=\"ad850fb\" data-element_type=\"container\" data-e-type=\"container\">\n\t\t\t\t<div class=\"elementor-element elementor-element-71bd719 elementor-widget elementor-widget-tm-heading\" data-id=\"71bd719\" data-element_type=\"widget\" data-e-type=\"widget\" data-widget_type=\"tm-heading.default\">\n\t\t\t\t<div class=\"elementor-widget-container\">\n\t\t\t\t\t\t\t<div class=\"tm-modern-heading\">\n\t\t\t\n\t\t\t\t\t<div class=\"heading-primary-wrap\">\n\t\t\t<h2 class=\"heading-primary elementor-heading-title\">Fondateur<\/h2>\t\t<\/div>\n\t\t\n\t\t\t\t    <div class=\"heading-divider\"><\/div>\n\t    \n\t\t\t\t\t<\/div>\n\t\t\t\t\t\t<\/div>\n\t\t\t\t<\/div>\n\t\t\t\t<div class=\"elementor-element elementor-element-7d95f6e elementor-widget__width-initial elementor-widget elementor-widget-image\" data-id=\"7d95f6e\" data-element_type=\"widget\" data-e-type=\"widget\" data-widget_type=\"image.default\">\n\t\t\t\t\t\t\t\t\t\t\t\t\t\t\t<img decoding=\"async\" src=\"https:\/\/festwaveinstitute.com\/wp-content\/uploads\/elementor\/thumbs\/FFC-LOGO-768x307-1-r8pgeetdp04xwq07p1wm2l8fka08qvmjb2quatjgti.jpeg\" title=\"FFC-LOGO-768&#215;307\" alt=\"FFC-LOGO-768x307\" loading=\"lazy\" \/>\t\t\t\t\t\t\t\t\t\t\t\t\t\t\t<\/div>\n\t\t\t\t<\/div>\n\t\t<div class=\"elementor-element elementor-element-e8a1273 e-con-full e-flex e-con e-child\" data-id=\"e8a1273\" data-element_type=\"container\" data-e-type=\"container\">\n\t\t\t\t<div class=\"elementor-element elementor-element-d57ea6a elementor-widget elementor-widget-tm-heading\" data-id=\"d57ea6a\" data-element_type=\"widget\" data-e-type=\"widget\" data-widget_type=\"tm-heading.default\">\n\t\t\t\t<div class=\"elementor-widget-container\">\n\t\t\t\t\t\t\t<div class=\"tm-modern-heading\">\n\t\t\t\n\t\t\t\t\t<div class=\"heading-primary-wrap\">\n\t\t\t<h2 class=\"heading-primary elementor-heading-title\">Partenaire<\/h2>\t\t<\/div>\n\t\t\n\t\t\t\t    <div class=\"heading-divider\"><\/div>\n\t    \n\t\t\t\t\t<\/div>\n\t\t\t\t\t\t<\/div>\n\t\t\t\t<\/div>\n\t\t\t\t<div class=\"elementor-element elementor-element-b2adeb5 elementor-widget elementor-widget-image\" data-id=\"b2adeb5\" data-element_type=\"widget\" data-e-type=\"widget\" data-widget_type=\"image.default\">\n\t\t\t\t\t\t\t\t\t\t\t\t\t\t\t<img decoding=\"async\" src=\"https:\/\/festwaveinstitute.com\/wp-content\/uploads\/elementor\/thumbs\/BBIC-EN-LOGO-768x307-1-r8pgebzwd8dk8cfknir6a6kd6e5d0b7ydqh23o41pu.jpeg\" title=\"BBIC-EN-LOGO-768&#215;307\" alt=\"BBIC-EN-LOGO-768x307\" loading=\"lazy\" \/>\t\t\t\t\t\t\t\t\t\t\t\t\t\t\t<\/div>\n\t\t\t\t<\/div>\n\t\t\t\t<\/div>\n\t\t<div class=\"elementor-element elementor-element-3b0db7e e-flex e-con-boxed e-con e-parent\" data-id=\"3b0db7e\" data-element_type=\"container\" data-e-type=\"container\">\n\t\t\t\t\t<div class=\"e-con-inner\">\n\t\t\t\t<div class=\"elementor-element elementor-element-4600cd2 elementor-widget elementor-widget-tm-heading\" data-id=\"4600cd2\" data-element_type=\"widget\" data-e-type=\"widget\" data-widget_type=\"tm-heading.default\">\n\t\t\t\t<div class=\"elementor-widget-container\">\n\t\t\t\t\t\t\t<div class=\"tm-modern-heading\">\n\t\t\t\n\t\t\t\t\t<div class=\"heading-primary-wrap\">\n\t\t\t<h2 class=\"heading-primary elementor-heading-title\">Festivals Affili\u00e9s<\/h2>\t\t<\/div>\n\t\t\n\t\t\t\t    <div class=\"heading-divider\"><\/div>\n\t    \n\t\t\t\t\t<\/div>\n\t\t\t\t\t\t<\/div>\n\t\t\t\t<\/div>\n\t\t\t\t\t<\/div>\n\t\t\t\t<\/div>\n\t\t<div class=\"elementor-element elementor-element-eb9b366 e-con-full e-flex e-con e-parent\" data-id=\"eb9b366\" data-element_type=\"container\" data-e-type=\"container\">\n\t\t<div class=\"elementor-element elementor-element-7d35d04 e-con-full e-flex e-con e-child\" data-id=\"7d35d04\" data-element_type=\"container\" data-e-type=\"container\">\n\t\t\t\t<div class=\"elementor-element elementor-element-6a4ecc6 elementor-widget elementor-widget-image\" data-id=\"6a4ecc6\" data-element_type=\"widget\" data-e-type=\"widget\" data-widget_type=\"image.default\">\n\t\t\t\t\t\t\t\t\t\t\t\t\t\t\t<img decoding=\"async\" src=\"https:\/\/festwaveinstitute.com\/wp-content\/uploads\/elementor\/thumbs\/TBFF-LOGO-768x307-1-r8pgehmvir6s5qra7fpyrf4m91hrgpvyv4hd49drqk.jpeg\" title=\"TBFF-LOGO-768&#215;307\" alt=\"TBFF-LOGO-768x307\" loading=\"lazy\" \/>\t\t\t\t\t\t\t\t\t\t\t\t\t\t\t<\/div>\n\t\t\t\t<\/div>\n\t\t<div class=\"elementor-element elementor-element-46d01ba e-con-full e-flex e-con e-child\" data-id=\"46d01ba\" data-element_type=\"container\" data-e-type=\"container\">\n\t\t\t\t<div class=\"elementor-element elementor-element-62c978f elementor-widget elementor-widget-image\" data-id=\"62c978f\" data-element_type=\"widget\" data-e-type=\"widget\" data-widget_type=\"image.default\">\n\t\t\t\t\t\t\t\t\t\t\t\t\t\t\t<img decoding=\"async\" src=\"https:\/\/festwaveinstitute.com\/wp-content\/uploads\/elementor\/thumbs\/MIBFF-LOGO-768x307-1-r8pgegp1bx5hu4sncxbc6xd5nnme90s8iztvmzf5ws.jpeg\" title=\"MIBFF-LOGO-768&#215;307\" alt=\"MIBFF-LOGO-768x307\" loading=\"lazy\" \/>\t\t\t\t\t\t\t\t\t\t\t\t\t\t\t<\/div>\n\t\t\t\t<\/div>\n\t\t<div class=\"elementor-element elementor-element-d1dec1d e-con-full e-flex e-con e-child\" data-id=\"d1dec1d\" data-element_type=\"container\" data-e-type=\"container\">\n\t\t\t\t<div class=\"elementor-element elementor-element-0d2cece elementor-widget elementor-widget-image\" data-id=\"0d2cece\" data-element_type=\"widget\" data-e-type=\"widget\" data-widget_type=\"image.default\">\n\t\t\t\t\t\t\t\t\t\t\t\t\t\t\t<img decoding=\"async\" src=\"https:\/\/festwaveinstitute.com\/wp-content\/uploads\/elementor\/thumbs\/HBFF-LOGO-768x307-1-r8pgefr75347iiu0iewpmflp29r11boi6v6e5pgk30.jpeg\" title=\"HBFF-LOGO-768&#215;307\" alt=\"HBFF-LOGO-768x307\" loading=\"lazy\" \/>\t\t\t\t\t\t\t\t\t\t\t\t\t\t\t<\/div>\n\t\t\t\t<\/div>\n\t\t<div class=\"elementor-element elementor-element-1705590 e-con-full e-flex e-con e-child\" data-id=\"1705590\" data-element_type=\"container\" data-e-type=\"container\">\n\t\t\t\t<div class=\"elementor-element elementor-element-3ee9fcf elementor-widget elementor-widget-image\" data-id=\"3ee9fcf\" data-element_type=\"widget\" data-e-type=\"widget\" data-widget_type=\"image.default\">\n\t\t\t\t\t\t\t\t\t\t\t\t\t\t\t<img decoding=\"async\" src=\"https:\/\/festwaveinstitute.com\/wp-content\/uploads\/elementor\/thumbs\/CBFF-LOGO-768x307-1-r8pgedvirf1mvawqte3ghg2rvi0alxh1ilvf75jcfg.jpeg\" title=\"CBFF-LOGO-768&#215;307\" alt=\"CBFF-LOGO-768x307\" loading=\"lazy\" \/>\t\t\t\t\t\t\t\t\t\t\t\t\t\t\t<\/div>\n\t\t\t\t<\/div>\n\t\t<div class=\"elementor-element elementor-element-8bd5e09 e-con-full e-flex e-con e-child\" data-id=\"8bd5e09\" data-element_type=\"container\" data-e-type=\"container\">\n\t\t\t\t<div class=\"elementor-element elementor-element-6020e0e elementor-widget elementor-widget-image\" data-id=\"6020e0e\" data-element_type=\"widget\" data-e-type=\"widget\" data-widget_type=\"image.default\">\n\t\t\t\t\t\t\t\t\t\t\t\t\t\t\t<img decoding=\"async\" src=\"https:\/\/festwaveinstitute.com\/wp-content\/uploads\/elementor\/thumbs\/OBFF-LOGO-768x307-1-r8pgegp1bx5hu4sncxbc6xd5nnme90s8iztvmzf5ws.jpeg\" title=\"OBFF-LOGO-768&#215;307\" alt=\"OBFF-LOGO-768x307\" loading=\"lazy\" \/>\t\t\t\t\t\t\t\t\t\t\t\t\t\t\t<\/div>\n\t\t\t\t<\/div>\n\t\t<div class=\"elementor-element elementor-element-9d642c0 e-con-full e-flex e-con e-child\" data-id=\"9d642c0\" data-element_type=\"container\" data-e-type=\"container\">\n\t\t\t\t<div class=\"elementor-element elementor-element-dfe76a3 elementor-widget elementor-widget-image\" data-id=\"dfe76a3\" data-element_type=\"widget\" data-e-type=\"widget\" data-widget_type=\"image.default\">\n\t\t\t\t\t\t\t\t\t\t\t\t\t\t\t<img decoding=\"async\" src=\"https:\/\/festwaveinstitute.com\/wp-content\/uploads\/elementor\/thumbs\/VIBFF-LOGO-768x307-1-r8pgeikppl82hcpx1y4lbww2ufd4oezp794uljcdkc.jpeg\" title=\"VIBFF-LOGO-768&#215;307\" alt=\"VIBFF-LOGO-768x307\" loading=\"lazy\" \/>\t\t\t\t\t\t\t\t\t\t\t\t\t\t\t<\/div>\n\t\t\t\t<\/div>\n\t\t\t\t<\/div>\n\t\t\t\t<\/div>\n\t\t","protected":false},"excerpt":{"rendered":"<p>L\u2019Institut n\u2019aurait pas vu le jour sans le g\u00e9n\u00e9reux soutien du gouvernement du Canada. Fondateur Partenaire Festivals Affili\u00e9s<\/p>\n","protected":false},"author":1,"featured_media":0,"parent":0,"menu_order":0,"comment_status":"closed","ping_status":"closed","template":"","meta":{"footnotes":""},"class_list":["post-4160","page","type-page","status-publish","hentry","post-no-thumbnail"],"_hostinger_reach_plugin_has_subscription_block":false,"_hostinger_reach_plugin_is_elementor":false,"_links":{"self":[{"href":"https:\/\/festwaveinstitute.com\/fr\/wp-json\/wp\/v2\/pages\/4160","targetHints":{"allow":["GET"]}}],"collection":[{"href":"https:\/\/festwaveinstitute.com\/fr\/wp-json\/wp\/v2\/pages"}],"about":[{"href":"https:\/\/festwaveinstitute.com\/fr\/wp-json\/wp\/v2\/types\/page"}],"author":[{"embeddable":true,"href":"https:\/\/festwaveinstitute.com\/fr\/wp-json\/wp\/v2\/users\/1"}],"replies":[{"embeddable":true,"href":"https:\/\/festwaveinstitute.com\/fr\/wp-json\/wp\/v2\/comments?post=4160"}],"version-history":[{"count":18,"href":"https:\/\/festwaveinstitute.com\/fr\/wp-json\/wp\/v2\/pages\/4160\/revisions"}],"predecessor-version":[{"id":8407,"href":"https:\/\/festwaveinstitute.com\/fr\/wp-json\/wp\/v2\/pages\/4160\/revisions\/8407"}],"wp:attachment":[{"href":"https:\/\/festwaveinstitute.com\/fr\/wp-json\/wp\/v2\/media?parent=4160"}],"curies":[{"name":"wp","href":"https:\/\/api.w.org\/{rel}","templated":true}]}}