{"id":4070,"date":"2021-02-24T08:37:30","date_gmt":"2021-02-24T13:37:30","guid":{"rendered":"https:\/\/festwaveinstitute.com\/faire-un-don\/"},"modified":"2025-07-26T00:46:01","modified_gmt":"2025-07-26T05:46:01","slug":"faire-un-don","status":"publish","type":"page","link":"https:\/\/festwaveinstitute.com\/fr\/faire-un-don\/","title":{"rendered":"Faire un don"},"content":{"rendered":"\t\t<div data-elementor-type=\"wp-page\" data-elementor-id=\"4070\" class=\"elementor elementor-4070 elementor-1148\" data-elementor-post-type=\"page\">\n\t\t\t\t\t\t<section class=\"elementor-section elementor-top-section elementor-element elementor-element-35a86c3 elementor-section-boxed elementor-section-gap-beside-yes elementor-section-height-default elementor-section-height-default elementor-section-column-vertical-align-stretch\" data-id=\"35a86c3\" data-element_type=\"section\" data-e-type=\"section\" data-settings=\"{&quot;background_background&quot;:&quot;classic&quot;}\">\n\t\t\t\t\t\t<div class=\"elementor-container elementor-column-gap-extended\">\n\t\t\t\t\t<div class=\"elementor-column elementor-col-100 elementor-top-column elementor-element elementor-element-34f587e\" data-id=\"34f587e\" data-element_type=\"column\" data-e-type=\"column\">\n\t\t\t<div class=\"elementor-widget-wrap elementor-element-populated\">\n\t\t\t\t\t\t<div class=\"elementor-element elementor-element-69494ee elementor-widget__width-initial elementor-invisible elementor-widget elementor-widget-tm-heading\" data-id=\"69494ee\" data-element_type=\"widget\" data-e-type=\"widget\" data-settings=\"{&quot;_animation&quot;:&quot;unicampFadeInUp&quot;}\" data-widget_type=\"tm-heading.default\">\n\t\t\t\t<div class=\"elementor-widget-container\">\n\t\t\t\t\t\t\t<div class=\"tm-modern-heading\">\n\t\t\t\n\t\t\t\t\t<div class=\"heading-primary-wrap\">\n\t\t\t<h1 class=\"heading-primary elementor-heading-title\">Nous pouvons accomplir beaucoup plus avec votre aide !<\/h1>\t\t<\/div>\n\t\t\n\t\t\t\t    <div class=\"heading-divider\"><\/div>\n\t    \n\t\t\t\t\t<div class=\"heading-description-wrap\">\n\t\t\t<div class=\"heading-description\">\n\t\t\t\t<p>Soutenez les efforts visant \u00e0 renforcer la prochaine g\u00e9n\u00e9ration de <strong>professionnels du cin\u00e9ma noir<\/strong> par le biais d'une formation commerciale compl\u00e8te et d'un d\u00e9veloppement des comp\u00e9tences ciblant les professionnels du <strong>cin\u00e9ma<\/strong> et de l'industrie <strong>noirs<\/strong>! Les <strong>professionnels du cin\u00e9ma noir<\/strong> sont les artistes les moins soutenus du pays. Nous avons besoin de votre aide aujourd'hui pour changer cela.<\/p><p>Soutenez l'Institut Festwave de la Fondation Fabienne Colas, qui permettra aux <strong>professionnels du cin\u00e9ma noir<\/strong> \u00e0 travers le Canada de faire partie de l'industrie de la t\u00e9l\u00e9vision et du cin\u00e9ma - et qui permettra au Canada de devenir un exemple \u00e0 suivre pour le monde entier !<\/p><p><strong>Votre DON changera le paysage de l'industrie cin\u00e9matographique et favorisera l'inclusion massive de la diversit\u00e9 devant et derri\u00e8re la cam\u00e9ra !<\/strong><\/p><p>Bien que nous ne puissions pas fournir de re\u00e7u de charit\u00e9, nous appr\u00e9cions votre soutien consid\u00e9rable qui nous aidera \u00e0 avoir un impact important.<\/p><p><strong>Ensemble, nous pouvons cr\u00e9er une soci\u00e9t\u00e9 plus juste o\u00f9 la diversit\u00e9, atout majeur de notre pays, est valoris\u00e9e, encourag\u00e9e, c\u00e9l\u00e9br\u00e9e et pleinement v\u00e9cue.<\/strong><\/p>\t\t\t<\/div>\n\t\t<\/div>\n\t\t\t<\/div>\n\t\t\t\t\t\t<\/div>\n\t\t\t\t<\/div>\n\t\t\t\t<div class=\"elementor-element elementor-element-887845c elementor-align-center elementor-invisible elementor-widget elementor-widget-tm-button\" data-id=\"887845c\" data-element_type=\"widget\" data-e-type=\"widget\" data-settings=\"{&quot;_animation&quot;:&quot;unicampFadeInUp&quot;}\" data-widget_type=\"tm-button.default\">\n\t\t\t\t<div class=\"elementor-widget-container\">\n\t\t\t\t\t\t\t<div class=\"tm-button-wrapper\">\n\t\t\t<a href=\"https:\/\/www.paypal.com\/donate\/?cmd=_s-xclick&#038;hosted_button_id=94XVDFNJDDJ4U&#038;source=url\" class=\"tm-button-link tm-button style-flat tm-button-nm icon-right\" role=\"button\">\n\t\t\t\t\t\t<div class=\"button-content-wrapper\">\n\t\t\t\n\t\t\t\t\t\t\t<span class=\"button-text\">Faites un don MAINTENANT !<\/span>\n\t\t\t\n\t\t\t\t\t\t\t<span class=\"button-icon\">\n\t\t\t\t\t<svg class=\"e-font-icon-svg e-fa-brands-paypal\" viewBox=\"0 0 384 512\" xmlns=\"http:\/\/www.w3.org\/2000\/svg\"><path d=\"M111.4 295.9c-3.5 19.2-17.4 108.7-21.5 134-.3 1.8-1 2.5-3 2.5H12.3c-7.6 0-13.1-6.6-12.1-13.9L58.8 46.6c1.5-9.6 10.1-16.9 20-16.9 152.3 0 165.1-3.7 204 11.4 60.1 23.3 65.6 79.5 44 140.3-21.5 62.6-72.5 89.5-140.1 90.3-43.4.7-69.5-7-75.3 24.2zM357.1 152c-1.8-1.3-2.5-1.8-3 1.3-2 11.4-5.1 22.5-8.8 33.6-39.9 113.8-150.5 103.9-204.5 103.9-6.1 0-10.1 3.3-10.9 9.4-22.6 140.4-27.1 169.7-27.1 169.7-1 7.1 3.5 12.9 10.6 12.9h63.5c8.6 0 15.7-6.3 17.4-14.9.7-5.4-1.1 6.1 14.4-91.3 4.6-22 14.3-19.7 29.3-19.7 71 0 126.4-28.8 142.9-112.3 6.5-34.8 4.6-71.4-23.8-92.6z\"><\/path><\/svg>\t\t\t\t<\/span>\n\t\t\t\t\t<\/div>\n\t\t\n\t\t\t\t\t\t\t<\/a>\n\t\t<\/div>\n\t\t\t\t\t\t<\/div>\n\t\t\t\t<\/div>\n\t\t\t\t\t<\/div>\n\t\t<\/div>\n\t\t\t\t\t<\/div>\n\t\t<\/section>\n\t\t\t\t<section class=\"elementor-section elementor-top-section elementor-element elementor-element-c13b68f elementor-section-boxed elementor-section-gap-beside-yes elementor-section-height-default elementor-section-height-default elementor-section-column-vertical-align-stretch\" data-id=\"c13b68f\" data-element_type=\"section\" data-e-type=\"section\" data-settings=\"{&quot;background_background&quot;:&quot;classic&quot;}\">\n\t\t\t\t\t\t<div class=\"elementor-container elementor-column-gap-extended\">\n\t\t\t\t\t<div class=\"elementor-column elementor-col-100 elementor-top-column elementor-element elementor-element-37fa7ab\" data-id=\"37fa7ab\" data-element_type=\"column\" data-e-type=\"column\">\n\t\t\t<div class=\"elementor-widget-wrap elementor-element-populated\">\n\t\t\t\t\t\t<div class=\"elementor-element elementor-element-948822c elementor-invisible elementor-widget elementor-widget-tm-heading\" data-id=\"948822c\" data-element_type=\"widget\" data-e-type=\"widget\" data-settings=\"{&quot;_animation&quot;:&quot;unicampFadeInUp&quot;}\" data-widget_type=\"tm-heading.default\">\n\t\t\t\t<div class=\"elementor-widget-container\">\n\t\t\t\t\t\t\t<div class=\"tm-modern-heading\">\n\t\t\t\n\t\t\t\t\t<div class=\"heading-primary-wrap\">\n\t\t\t<h3 class=\"heading-primary elementor-heading-title\">Contactez nous<\/h3>\t\t<\/div>\n\t\t\n\t\t\t\n\t\t\t\t\t<div class=\"heading-description-wrap\">\n\t\t\t<div class=\"heading-description\">\n\t\t\t\tSi vous souhaitez avoir un impact ou si vous \u00eates d\u00e9j\u00e0 un donateur, n'h\u00e9sitez pas \u00e0 nous contacter.  \t\t\t<\/div>\n\t\t<\/div>\n\t\t\t<\/div>\n\t\t\t\t\t\t<\/div>\n\t\t\t\t<\/div>\n\t\t\t\t<div class=\"elementor-element elementor-element-489401d elementor-align-center elementor-invisible elementor-widget elementor-widget-tm-button\" data-id=\"489401d\" data-element_type=\"widget\" data-e-type=\"widget\" data-settings=\"{&quot;_animation&quot;:&quot;unicampFadeInUp&quot;}\" data-widget_type=\"tm-button.default\">\n\t\t\t\t<div class=\"elementor-widget-container\">\n\t\t\t\t\t\t\t<div class=\"tm-button-wrapper\">\n\t\t\t<a href=\"https:\/\/festwaveinstitute.com\/contact\/\" class=\"tm-button-link tm-button style-flat tm-button-nm icon-right\" role=\"button\">\n\t\t\t\t\t\t<div class=\"button-content-wrapper\">\n\t\t\t\n\t\t\t\t\t\t\t<span class=\"button-text\">Contactez nous<\/span>\n\t\t\t\n\t\t\t\t\t\t\t<span class=\"button-icon\">\n\t\t\t\t\t<i class=\"fas fa-long-arrow-right\"><\/i>\t\t\t\t<\/span>\n\t\t\t\t\t<\/div>\n\t\t\n\t\t\t\t\t\t\t<\/a>\n\t\t<\/div>\n\t\t\t\t\t\t<\/div>\n\t\t\t\t<\/div>\n\t\t\t\t\t<\/div>\n\t\t<\/div>\n\t\t\t\t\t<\/div>\n\t\t<\/section>\n\t\t\t\t<\/div>\n\t\t","protected":false},"excerpt":{"rendered":"<p>Nous pouvons accomplir beaucoup plus avec votre aide ! Soutenez les efforts visant \u00e0 renforcer la prochaine g\u00e9n\u00e9ration de professionnels du cin\u00e9ma noir par le biais d&rsquo;une formation commerciale compl\u00e8te et d&rsquo;un d\u00e9veloppement des comp\u00e9tences ciblant les professionnels du cin\u00e9ma et de l&rsquo;industrie noirs! Les professionnels du cin\u00e9ma noir sont les artistes les moins soutenus du pays. Nous avons besoin de votre aide aujourd&rsquo;hui pour changer cela. Soutenez l&rsquo;Institut Festwave de la Fondation Fabienne Colas, qui permettra aux professionnels du cin\u00e9ma noir \u00e0 travers le Canada de faire partie de l&rsquo;industrie de la t\u00e9l\u00e9vision et du cin\u00e9ma &#8211; et qui permettra au Canada de devenir un exemple \u00e0 suivre pour le monde entier ! Votre DON changera le paysage de l&rsquo;industrie cin\u00e9matographique et favorisera l&rsquo;inclusion massive de la diversit\u00e9 devant et derri\u00e8re la cam\u00e9ra ! Bien que nous ne puissions pas fournir de re\u00e7u de charit\u00e9, nous appr\u00e9cions votre soutien consid\u00e9rable qui nous aidera \u00e0 avoir un impact important. Ensemble, nous pouvons cr\u00e9er une soci\u00e9t\u00e9 plus juste o\u00f9 la diversit\u00e9, atout majeur de notre pays, est valoris\u00e9e, encourag\u00e9e, c\u00e9l\u00e9br\u00e9e et pleinement v\u00e9cue. Faites un don MAINTENANT ! Contactez nous Si vous souhaitez avoir un impact ou si vous \u00eates d\u00e9j\u00e0 un donateur, n&rsquo;h\u00e9sitez pas \u00e0 nous contacter. Contactez nous<\/p>\n","protected":false},"author":1,"featured_media":0,"parent":0,"menu_order":0,"comment_status":"closed","ping_status":"closed","template":"","meta":{"footnotes":""},"class_list":["post-4070","page","type-page","status-publish","hentry","post-no-thumbnail"],"_hostinger_reach_plugin_has_subscription_block":false,"_hostinger_reach_plugin_is_elementor":false,"_links":{"self":[{"href":"https:\/\/festwaveinstitute.com\/fr\/wp-json\/wp\/v2\/pages\/4070","targetHints":{"allow":["GET"]}}],"collection":[{"href":"https:\/\/festwaveinstitute.com\/fr\/wp-json\/wp\/v2\/pages"}],"about":[{"href":"https:\/\/festwaveinstitute.com\/fr\/wp-json\/wp\/v2\/types\/page"}],"author":[{"embeddable":true,"href":"https:\/\/festwaveinstitute.com\/fr\/wp-json\/wp\/v2\/users\/1"}],"replies":[{"embeddable":true,"href":"https:\/\/festwaveinstitute.com\/fr\/wp-json\/wp\/v2\/comments?post=4070"}],"version-history":[{"count":18,"href":"https:\/\/festwaveinstitute.com\/fr\/wp-json\/wp\/v2\/pages\/4070\/revisions"}],"predecessor-version":[{"id":8019,"href":"https:\/\/festwaveinstitute.com\/fr\/wp-json\/wp\/v2\/pages\/4070\/revisions\/8019"}],"wp:attachment":[{"href":"https:\/\/festwaveinstitute.com\/fr\/wp-json\/wp\/v2\/media?parent=4070"}],"curies":[{"name":"wp","href":"https:\/\/api.w.org\/{rel}","templated":true}]}}