{"id":3851,"date":"2021-01-27T08:52:18","date_gmt":"2021-01-27T08:52:18","guid":{"rendered":"https:\/\/festwaveinstitute.com\/mission-vision\/"},"modified":"2025-09-20T13:39:13","modified_gmt":"2025-09-20T13:39:13","slug":"mission-vision","status":"publish","type":"page","link":"https:\/\/festwaveinstitute.com\/fr\/mission-vision\/","title":{"rendered":"Mission &amp; vision"},"content":{"rendered":"\t\t<div data-elementor-type=\"wp-page\" data-elementor-id=\"3851\" class=\"elementor elementor-3851 elementor-200\" data-elementor-post-type=\"page\">\n\t\t\t\t\t\t<section class=\"elementor-section elementor-top-section elementor-element elementor-element-1c3e559 elementor-section-boxed elementor-section-gap-beside-yes elementor-section-height-default elementor-section-height-default elementor-section-content-align-center elementor-section-column-vertical-align-stretch\" data-id=\"1c3e559\" data-element_type=\"section\" data-e-type=\"section\">\n\t\t\t\t\t\t<div class=\"elementor-container elementor-column-gap-extended\">\n\t\t\t\t\t<div class=\"elementor-column elementor-col-100 elementor-top-column elementor-element elementor-element-fa2fecd\" data-id=\"fa2fecd\" data-element_type=\"column\" data-e-type=\"column\">\n\t\t\t<div class=\"elementor-widget-wrap elementor-element-populated\">\n\t\t\t\t\t\t<div class=\"elementor-element elementor-element-adf4ce6 elementor-invisible elementor-widget elementor-widget-tm-heading\" data-id=\"adf4ce6\" data-element_type=\"widget\" data-e-type=\"widget\" data-settings=\"{&quot;_animation&quot;:&quot;unicampFadeInUp&quot;}\" data-widget_type=\"tm-heading.default\">\n\t\t\t\t<div class=\"elementor-widget-container\">\n\t\t\t\t\t\t\t<div class=\"tm-modern-heading\">\n\t\t\t\n\t\t\t\t\t<div class=\"heading-primary-wrap\">\n\t\t\t<h1 class=\"heading-primary elementor-heading-title\">Qui sommes-nous ?<\/h1>\t\t<\/div>\n\t\t\n\t\t\t\t    <div class=\"heading-divider\"><\/div>\n\t    \n\t\t\t\t\t<div class=\"heading-description-wrap\">\n\t\t\t<div class=\"heading-description\">\n\t\t\t\t<p>L'Institut Festwave est une initiative nationale de la Fondation Fabienne Colas qui soutient les cr\u00e9ateurs noirs et sous-repr\u00e9sent\u00e9s dans le domaine du cin\u00e9ma et de la t\u00e9l\u00e9vision.  <span style=\"letter-spacing: 0px\">En supprimant les obstacles \u00e0 l'esprit d'entreprise, il offre une formation, des outils et un r\u00e9seau permettant de construire des carri\u00e8res durables.<\/span><\/p>\t\t\t<\/div>\n\t\t<\/div>\n\t\t\t<\/div>\n\t\t\t\t\t\t<\/div>\n\t\t\t\t<\/div>\n\t\t\t\t<section class=\"elementor-section elementor-inner-section elementor-element elementor-element-bfc5638 elementor-section-gap-beside-no elementor-section-boxed elementor-section-height-default elementor-section-height-default elementor-section-column-vertical-align-stretch\" data-id=\"bfc5638\" data-element_type=\"section\" data-e-type=\"section\">\n\t\t\t\t\t\t<div class=\"elementor-container elementor-column-gap-extended\">\n\t\t\t\t\t<div class=\"elementor-column elementor-col-33 elementor-inner-column elementor-element elementor-element-6444db9\" data-id=\"6444db9\" data-element_type=\"column\" data-e-type=\"column\">\n\t\t\t<div class=\"elementor-widget-wrap elementor-element-populated\">\n\t\t\t\t\t\t<div class=\"elementor-element elementor-element-3687353 unicamp-counter-style-01 elementor-invisible elementor-widget elementor-widget-tm-counter\" data-id=\"3687353\" data-element_type=\"widget\" data-e-type=\"widget\" data-settings=\"{&quot;_animation&quot;:&quot;unicampFadeInUp&quot;}\" data-widget_type=\"tm-counter.default\">\n\t\t\t\t<div class=\"elementor-widget-container\">\n\t\t\t\t\t\t\t<div class=\"unicamp-box unicamp-graphic-box tm-counter\" data-counter=\"{&quot;from&quot;:0,&quot;to&quot;:95,&quot;duration&quot;:2000,&quot;separator&quot;:&quot;,&quot;}\">\n\t\t\t\n\t\t\t<div class=\"unicamp-graphic-content counter-content\">\n\t\t\t\t<div class=\"counter-number-wrap\">\n\t\t\t\t\t<span class=\"counter-number-prefix\">+<\/span>\n\t\t\t\t\t<span class=\"counter-number\">0<\/span>\n\t\t\t\t\t<span class=\"counter-number-suffix\"><\/span>\n\t\t\t\t<\/div>\n\n\t\t\t\t\t\t<div class=\"heading-wrap\">\n\t\t\t<h3 class=\"counter-heading\">Ateliers Organis\u00e9s<\/h3>\t\t<\/div>\n\t\t\t\t\t<\/div>\n\t\t<\/div>\n\t\t\t\t\t\t<\/div>\n\t\t\t\t<\/div>\n\t\t\t\t\t<\/div>\n\t\t<\/div>\n\t\t\t\t<div class=\"elementor-column elementor-col-33 elementor-inner-column elementor-element elementor-element-13049d2\" data-id=\"13049d2\" data-element_type=\"column\" data-e-type=\"column\">\n\t\t\t<div class=\"elementor-widget-wrap elementor-element-populated\">\n\t\t\t\t\t\t<div class=\"elementor-element elementor-element-3f33263 unicamp-counter-style-01 elementor-invisible elementor-widget elementor-widget-tm-counter\" data-id=\"3f33263\" data-element_type=\"widget\" data-e-type=\"widget\" data-settings=\"{&quot;_animation&quot;:&quot;unicampFadeInUp&quot;}\" data-widget_type=\"tm-counter.default\">\n\t\t\t\t<div class=\"elementor-widget-container\">\n\t\t\t\t\t\t\t<div class=\"unicamp-box unicamp-graphic-box tm-counter\" data-counter=\"{&quot;from&quot;:0,&quot;to&quot;:100,&quot;duration&quot;:2000,&quot;separator&quot;:&quot;,&quot;}\">\n\t\t\t\n\t\t\t<div class=\"unicamp-graphic-content counter-content\">\n\t\t\t\t<div class=\"counter-number-wrap\">\n\t\t\t\t\t<span class=\"counter-number-prefix\">+<\/span>\n\t\t\t\t\t<span class=\"counter-number\">0<\/span>\n\t\t\t\t\t<span class=\"counter-number-suffix\"><\/span>\n\t\t\t\t<\/div>\n\n\t\t\t\t\t\t<div class=\"heading-wrap\">\n\t\t\t<h3 class=\"counter-heading\">Participants Impliqu\u00e9s<\/h3>\t\t<\/div>\n\t\t\t\t\t<\/div>\n\t\t<\/div>\n\t\t\t\t\t\t<\/div>\n\t\t\t\t<\/div>\n\t\t\t\t\t<\/div>\n\t\t<\/div>\n\t\t\t\t<div class=\"elementor-column elementor-col-33 elementor-inner-column elementor-element elementor-element-47f914b\" data-id=\"47f914b\" data-element_type=\"column\" data-e-type=\"column\">\n\t\t\t<div class=\"elementor-widget-wrap elementor-element-populated\">\n\t\t\t\t\t\t<div class=\"elementor-element elementor-element-639aeec unicamp-counter-style-01 elementor-invisible elementor-widget elementor-widget-tm-counter\" data-id=\"639aeec\" data-element_type=\"widget\" data-e-type=\"widget\" data-settings=\"{&quot;_animation&quot;:&quot;unicampFadeInUp&quot;}\" data-widget_type=\"tm-counter.default\">\n\t\t\t\t<div class=\"elementor-widget-container\">\n\t\t\t\t\t\t\t<div class=\"unicamp-box unicamp-graphic-box tm-counter\" data-counter=\"{&quot;from&quot;:0,&quot;to&quot;:12,&quot;duration&quot;:2000,&quot;separator&quot;:&quot;,&quot;}\">\n\t\t\t\n\t\t\t<div class=\"unicamp-graphic-content counter-content\">\n\t\t\t\t<div class=\"counter-number-wrap\">\n\t\t\t\t\t<span class=\"counter-number-prefix\"><\/span>\n\t\t\t\t\t<span class=\"counter-number\">0<\/span>\n\t\t\t\t\t<span class=\"counter-number-suffix\"><\/span>\n\t\t\t\t<\/div>\n\n\t\t\t\t\t\t<div class=\"heading-wrap\">\n\t\t\t<h3 class=\"counter-heading\">Partenaires de Confiance<\/h3>\t\t<\/div>\n\t\t\t\t\t<\/div>\n\t\t<\/div>\n\t\t\t\t\t\t<\/div>\n\t\t\t\t<\/div>\n\t\t\t\t\t<\/div>\n\t\t<\/div>\n\t\t\t\t\t<\/div>\n\t\t<\/section>\n\t\t\t\t<div class=\"elementor-element elementor-element-9b7b58f elementor-widget elementor-widget-spacer\" data-id=\"9b7b58f\" data-element_type=\"widget\" data-e-type=\"widget\" data-widget_type=\"spacer.default\">\n\t\t\t\t\t\t\t<div class=\"elementor-spacer\">\n\t\t\t<div class=\"elementor-spacer-inner\"><\/div>\n\t\t<\/div>\n\t\t\t\t\t\t<\/div>\n\t\t\t\t\t<\/div>\n\t\t<\/div>\n\t\t\t\t\t<\/div>\n\t\t<\/section>\n\t\t\t\t<section class=\"elementor-section elementor-top-section elementor-element elementor-element-8d6bcec elementor-section-boxed elementor-section-gap-beside-yes elementor-section-height-default elementor-section-height-default elementor-section-column-vertical-align-stretch\" data-id=\"8d6bcec\" data-element_type=\"section\" data-e-type=\"section\" data-settings=\"{&quot;background_background&quot;:&quot;classic&quot;}\">\n\t\t\t\t\t\t<div class=\"elementor-container elementor-column-gap-extended\">\n\t\t\t\t\t<div class=\"elementor-column elementor-col-100 elementor-top-column elementor-element elementor-element-d15e34e\" data-id=\"d15e34e\" data-element_type=\"column\" data-e-type=\"column\">\n\t\t\t<div class=\"elementor-widget-wrap elementor-element-populated\">\n\t\t\t\t\t\t<div class=\"elementor-element elementor-element-5447a81 unicamp-popup-video-button-effect-wave-pulse unicamp-popup-video-poster-background-yes unicamp-animation-zoom-in unicamp-popup-video-button-style-01 unicamp-popup-video-button-size-nm elementor-invisible elementor-widget elementor-widget-tm-popup-video\" data-id=\"5447a81\" data-element_type=\"widget\" data-e-type=\"widget\" data-settings=\"{&quot;_animation&quot;:&quot;unicampFadeInUp&quot;}\" data-widget_type=\"tm-popup-video.default\">\n\t\t\t\t<div class=\"elementor-widget-container\">\n\t\t\t\t\t\t\t<div class=\"tm-popup-video type-poster tm-popup-video-icon-play\">\n\t\t\t<a class=\"video-link unicamp-box link-secret\" href=\"https:\/\/festwaveinstitute.com\/wp-content\/uploads\/2022\/01\/IFC_V2_NOBARS_NOLOGOS-LowRes.webm\">\n\n\t\t\t\t\t\t\t\t\t\t\t<div class=\"video-poster\">\n\t\t\t<div class=\"unicamp-image\">\n\t\t\t\t<img decoding=\"async\"  loading=\"lazy\" src=\"https:\/\/festwaveinstitute.com\/wp-content\/uploads\/2025\/07\/footer_bg.png\" alt=\"footer_bg.png\" \/>\t\t\t<\/div>\n\n\t\t\t<div class=\"video-overlay\"><\/div>\n\n\t\t\t\t\t<div class=\"video-button\">\n\t\t\t\t\t\t\t<div class=\"video-button-play\">\n\t\t\t\t\t\t\t\t\t<div class=\"video-button-mask video-mask-wave-pulse\"><\/div>\n\t\t\t\t\n\t\t\t\t\t<div class=\"video-play video-play-icon\">\n\t\t\t\t\t\t<span class=\"icon\"><\/span>\n\t\t\t\t\t<\/div>\n\t\t\t\t<\/div>\n\t\t\t\n\t\t\t\t\t<\/div>\n\t\t\t\t<\/div>\n\n\t\t\t\t\t\t\t\t\n\t\t\t<\/a>\n\t\t<\/div>\n\t\t\t\t\t\t<\/div>\n\t\t\t\t<\/div>\n\t\t\t\t<section class=\"elementor-section elementor-inner-section elementor-element elementor-element-2e3c1d8 elementor-section-gap-beside-no elementor-section-boxed elementor-section-height-default elementor-section-height-default elementor-section-content-align-center elementor-section-column-vertical-align-stretch\" data-id=\"2e3c1d8\" data-element_type=\"section\" data-e-type=\"section\">\n\t\t\t\t\t\t<div class=\"elementor-container elementor-column-gap-extended\">\n\t\t\t\t\t<div class=\"elementor-column elementor-col-50 elementor-inner-column elementor-element elementor-element-19c191c\" data-id=\"19c191c\" data-element_type=\"column\" data-e-type=\"column\">\n\t\t\t<div class=\"elementor-widget-wrap elementor-element-populated\">\n\t\t\t\t\t\t<div class=\"elementor-element elementor-element-3a07401 elementor-invisible elementor-widget elementor-widget-image\" data-id=\"3a07401\" data-element_type=\"widget\" data-e-type=\"widget\" data-settings=\"{&quot;_animation&quot;:&quot;unicampFadeInUp&quot;}\" data-widget_type=\"image.default\">\n\t\t\t\t\t\t\t\t\t\t\t\t\t\t\t<img fetchpriority=\"high\" decoding=\"async\" width=\"680\" height=\"900\" src=\"https:\/\/festwaveinstitute.com\/wp-content\/uploads\/2025\/07\/our-mission-banner.jpg\" class=\"attachment-full size-full wp-image-3960\" alt=\"\" srcset=\"https:\/\/festwaveinstitute.com\/wp-content\/uploads\/2025\/07\/our-mission-banner.jpg 680w, https:\/\/festwaveinstitute.com\/wp-content\/uploads\/2025\/07\/our-mission-banner-227x300.jpg 227w\" sizes=\"(max-width: 680px) 100vw, 680px\" \/>\t\t\t\t\t\t\t\t\t\t\t\t\t\t\t<\/div>\n\t\t\t\t\t<\/div>\n\t\t<\/div>\n\t\t\t\t<div class=\"elementor-column elementor-col-50 elementor-inner-column elementor-element elementor-element-0581104\" data-id=\"0581104\" data-element_type=\"column\" data-e-type=\"column\">\n\t\t\t<div class=\"elementor-widget-wrap elementor-element-populated\">\n\t\t\t\t\t\t<div class=\"elementor-element elementor-element-bd74d76 unicamp-icon-box-style-01 unicamp-view-bubble unicamp-graphic-position-top elementor-invisible elementor-widget elementor-widget-tm-icon-box\" data-id=\"bd74d76\" data-element_type=\"widget\" data-e-type=\"widget\" data-settings=\"{&quot;_animation&quot;:&quot;unicampFadeInUp&quot;,&quot;_animation_delay&quot;:300}\" data-widget_type=\"tm-icon-box.default\">\n\t\t\t\t<div class=\"elementor-widget-container\">\n\t\t\t\t\t\t\t<div class=\"tm-icon-box unicamp-box\">\n\t\t<div class=\"unicamp-graphic-box icon-box-wrapper\">\n\t\t\t\t\t<div class=\"unicamp-graphic-element unicamp-icon-wrap\">\n\t\t\t<div class=\"unicamp-icon-view first\">\n\t\t\t\t<div class=\"unicamp-icon-view-inner\">\n\t\t\t\t\t<div class=\"unicamp-icon icon\">\n\t\t\t\t\t\t<i aria-hidden=\"true\" class=\"fa-regular fa-bullseye-arrow\"><\/i>\t\t\t\t\t<\/div>\n\t\t\t\t<\/div>\n\t\t\t<\/div>\n\n\t\t\t\t\t\t\t<div class=\"unicamp-icon-view second\"><\/div>\n\t\t\t\t\t<\/div>\n\t\t\n\t\t\t<div class=\"unicamp-graphic-content icon-box-content\">\n\t\t\t\t\t\t<div class=\"heading-wrap\">\n\t\t\t<h1 class=\"heading\">Notre mission<\/h1>\n\t\t\t\t\t<div class=\"heading-divider\"><\/div>\n\t\t\t\t<\/div>\n\t\t\n\t\t\t\t\t\t<div class=\"description-wrap\">\n\t\t\t<div class=\"description\">\n\t\t\t\tL'Institut Festwave, cr\u00e9\u00e9 par la Fondation Fabienne Colas, a pour mission d'\u00e9liminer les obstacles auxquels se heurtent les professionnels du cin\u00e9ma et de la t\u00e9l\u00e9vision peu qualifi\u00e9s et de les aider \u00e0 construire des carri\u00e8res r\u00e9ussies et durables.\n<p><\/p><p>\nPour ce faire, l'Institut fournira aux professionnels noirs du cin\u00e9ma et aux autres cr\u00e9ateurs sous-repr\u00e9sent\u00e9s les outils, les comp\u00e9tences et les ressources n\u00e9cessaires \u00e0 leur r\u00e9ussite et \u00e0 leur ind\u00e9pendance au sein d'une industrie majoritairement dirig\u00e9e par des Blancs : ateliers sur mesure, tables rondes, classes de ma\u00eetre, apprentissage pratique, mentorat, possibilit\u00e9s de mise en r\u00e9seau, possibilit\u00e9s de pr\u00e9sentation, acc\u00e8s aux \u00e9quipements, comp\u00e9tences commerciales, programmes de jumelage - tout ce dont les professionnels noirs ont besoin pour apprendre, se d\u00e9velopper, se connecter et faire progresser leur carri\u00e8re dans le cin\u00e9ma et la t\u00e9l\u00e9vision, tant en ligne que sur le terrain.<\/p>\t\t\t<\/div>\n\t\t<\/div>\n\t\t\n\t\t\t\t\t\t\t<\/div>\n\t\t<\/div>\n\n\t\t<\/div>\t\t\t\t\t\t<\/div>\n\t\t\t\t<\/div>\n\t\t\t\t\t<\/div>\n\t\t<\/div>\n\t\t\t\t\t<\/div>\n\t\t<\/section>\n\t\t\t\t<section class=\"elementor-section elementor-inner-section elementor-element elementor-element-573fc2c elementor-reverse-tablet elementor-reverse-mobile elementor-section-gap-beside-no elementor-section-boxed elementor-section-height-default elementor-section-height-default elementor-section-content-align-center elementor-section-column-vertical-align-stretch\" data-id=\"573fc2c\" data-element_type=\"section\" data-e-type=\"section\">\n\t\t\t\t\t\t<div class=\"elementor-container elementor-column-gap-extended\">\n\t\t\t\t\t<div class=\"elementor-column elementor-col-50 elementor-inner-column elementor-element elementor-element-c6e2d50\" data-id=\"c6e2d50\" data-element_type=\"column\" data-e-type=\"column\">\n\t\t\t<div class=\"elementor-widget-wrap elementor-element-populated\">\n\t\t\t\t\t\t<div class=\"elementor-element elementor-element-a4ac422 unicamp-icon-box-style-01 unicamp-view-bubble unicamp-graphic-position-top elementor-invisible elementor-widget elementor-widget-tm-icon-box\" data-id=\"a4ac422\" data-element_type=\"widget\" data-e-type=\"widget\" data-settings=\"{&quot;_animation&quot;:&quot;unicampFadeInUp&quot;,&quot;_animation_delay&quot;:300}\" data-widget_type=\"tm-icon-box.default\">\n\t\t\t\t<div class=\"elementor-widget-container\">\n\t\t\t\t\t\t\t<div class=\"tm-icon-box unicamp-box\">\n\t\t<div class=\"unicamp-graphic-box icon-box-wrapper\">\n\t\t\t\t\t<div class=\"unicamp-graphic-element unicamp-icon-wrap\">\n\t\t\t<div class=\"unicamp-icon-view first\">\n\t\t\t\t<div class=\"unicamp-icon-view-inner\">\n\t\t\t\t\t<div class=\"unicamp-icon icon\">\n\t\t\t\t\t\t<svg aria-hidden=\"true\" class=\"e-font-icon-svg e-fa-regular-eye\" viewBox=\"0 0 576 512\" xmlns=\"http:\/\/www.w3.org\/2000\/svg\"><path d=\"M288 144a110.94 110.94 0 0 0-31.24 5 55.4 55.4 0 0 1 7.24 27 56 56 0 0 1-56 56 55.4 55.4 0 0 1-27-7.24A111.71 111.71 0 1 0 288 144zm284.52 97.4C518.29 135.59 410.93 64 288 64S57.68 135.64 3.48 241.41a32.35 32.35 0 0 0 0 29.19C57.71 376.41 165.07 448 288 448s230.32-71.64 284.52-177.41a32.35 32.35 0 0 0 0-29.19zM288 400c-98.65 0-189.09-55-237.93-144C98.91 167 189.34 112 288 112s189.09 55 237.93 144C477.1 345 386.66 400 288 400z\"><\/path><\/svg>\t\t\t\t\t<\/div>\n\t\t\t\t<\/div>\n\t\t\t<\/div>\n\n\t\t\t\t\t\t\t<div class=\"unicamp-icon-view second\"><\/div>\n\t\t\t\t\t<\/div>\n\t\t\n\t\t\t<div class=\"unicamp-graphic-content icon-box-content\">\n\t\t\t\t\t\t<div class=\"heading-wrap\">\n\t\t\t<h1 class=\"heading\">Notre vision<\/h1>\n\t\t\t\t\t<div class=\"heading-divider\"><\/div>\n\t\t\t\t<\/div>\n\t\t\n\t\t\t\t\t\t<div class=\"description-wrap\">\n\t\t\t<div class=\"description\">\n\t\t\t\tNotre vision est celle de l'inclusion, de l'\u00e9quit\u00e9 et de l'\u00e9ducation - une vision qui inclut un nombre accru de producteurs, de cr\u00e9ateurs, de conteurs et de cin\u00e9astes noirs et marginalis\u00e9s dans l'industrie et qui, en fin de compte, m\u00e8ne \u00e0 un espace partag\u00e9 et \u00e9gal, sans pr\u00e9jug\u00e9s inconscients ni obstruction, refl\u00e9tant plut\u00f4t la r\u00e9alit\u00e9 de notre paysage canadien riche et diversifi\u00e9.  <\/p><p>Ensemble, nous voulons faire du Canada un exemple \u00e0 suivre pour le monde entier !\t\t\t<\/div>\n\t\t<\/div>\n\t\t\n\t\t\t\t\t\t\t<\/div>\n\t\t<\/div>\n\n\t\t<\/div>\t\t\t\t\t\t<\/div>\n\t\t\t\t<\/div>\n\t\t\t\t\t<\/div>\n\t\t<\/div>\n\t\t\t\t<div class=\"elementor-column elementor-col-50 elementor-inner-column elementor-element elementor-element-37db695\" data-id=\"37db695\" data-element_type=\"column\" data-e-type=\"column\">\n\t\t\t<div class=\"elementor-widget-wrap elementor-element-populated\">\n\t\t\t\t\t\t<div class=\"elementor-element elementor-element-75d3f02 elementor-invisible elementor-widget elementor-widget-image\" data-id=\"75d3f02\" data-element_type=\"widget\" data-e-type=\"widget\" data-settings=\"{&quot;_animation&quot;:&quot;unicampFadeInUp&quot;}\" data-widget_type=\"image.default\">\n\t\t\t\t\t\t\t\t\t\t\t\t\t\t\t<img decoding=\"async\" src=\"https:\/\/festwaveinstitute.com\/wp-content\/uploads\/elementor\/thumbs\/our-vision-banner-r8fifgp96fnwrbeb7inj5usy87xa80z5tzm20t33sw.jpg\" title=\"our-vision-banner\" alt=\"our-vision-banner\" loading=\"lazy\" \/>\t\t\t\t\t\t\t\t\t\t\t\t\t\t\t<\/div>\n\t\t\t\t\t<\/div>\n\t\t<\/div>\n\t\t\t\t\t<\/div>\n\t\t<\/section>\n\t\t\t\t\t<\/div>\n\t\t<\/div>\n\t\t\t\t\t<\/div>\n\t\t<\/section>\n\t\t\t\t<section class=\"elementor-section elementor-top-section elementor-element elementor-element-618093f elementor-section-boxed elementor-section-gap-beside-yes elementor-section-height-default elementor-section-height-default elementor-section-column-vertical-align-stretch\" data-id=\"618093f\" data-element_type=\"section\" data-e-type=\"section\" data-settings=\"{&quot;background_background&quot;:&quot;classic&quot;}\">\n\t\t\t\t\t\t<div class=\"elementor-container elementor-column-gap-extended\">\n\t\t\t\t\t<div class=\"elementor-column elementor-col-100 elementor-top-column elementor-element elementor-element-3b60a77\" data-id=\"3b60a77\" data-element_type=\"column\" data-e-type=\"column\">\n\t\t\t<div class=\"elementor-widget-wrap elementor-element-populated\">\n\t\t\t\t\t\t<div class=\"elementor-element elementor-element-a9c43ed elementor-widget__width-initial elementor-invisible elementor-widget elementor-widget-tm-heading\" data-id=\"a9c43ed\" data-element_type=\"widget\" data-e-type=\"widget\" data-settings=\"{&quot;_animation&quot;:&quot;unicampFadeInUp&quot;}\" data-widget_type=\"tm-heading.default\">\n\t\t\t\t<div class=\"elementor-widget-container\">\n\t\t\t\t\t\t\t<div class=\"tm-modern-heading\">\n\t\t\t\n\t\t\t\t\t<div class=\"heading-primary-wrap\">\n\t\t\t<h3 class=\"heading-primary elementor-heading-title\">Vous voulez en savoir plus sur nous ?<\/h3>\t\t<\/div>\n\t\t\n\t\t\t\n\t\t\t\t\t<div class=\"heading-description-wrap\">\n\t\t\t<div class=\"heading-description\">\n\t\t\t\t<p>N'h\u00e9sitez pas \u00e0 nous contacter !<\/p>\t\t\t<\/div>\n\t\t<\/div>\n\t\t\t<\/div>\n\t\t\t\t\t\t<\/div>\n\t\t\t\t<\/div>\n\t\t\t\t<div class=\"elementor-element elementor-element-ceab1c9 elementor-align-center elementor-invisible elementor-widget elementor-widget-tm-button\" data-id=\"ceab1c9\" data-element_type=\"widget\" data-e-type=\"widget\" data-settings=\"{&quot;_animation&quot;:&quot;unicampFadeInUp&quot;}\" data-widget_type=\"tm-button.default\">\n\t\t\t\t<div class=\"elementor-widget-container\">\n\t\t\t\t\t\t\t<div class=\"tm-button-wrapper\">\n\t\t\t<a href=\"#\" class=\"tm-button-link tm-button style-flat tm-button-nm icon-right\" role=\"button\">\n\t\t\t\t\t\t<div class=\"button-content-wrapper\">\n\t\t\t\n\t\t\t\t\t\t\t<span class=\"button-text\">Contactez nous<\/span>\n\t\t\t\n\t\t\t\t\t\t\t<span class=\"button-icon\">\n\t\t\t\t\t<svg class=\"e-font-icon-svg e-fa-regular-envelope\" viewBox=\"0 0 512 512\" xmlns=\"http:\/\/www.w3.org\/2000\/svg\"><path d=\"M464 64H48C21.49 64 0 85.49 0 112v288c0 26.51 21.49 48 48 48h416c26.51 0 48-21.49 48-48V112c0-26.51-21.49-48-48-48zm0 48v40.805c-22.422 18.259-58.168 46.651-134.587 106.49-16.841 13.247-50.201 45.072-73.413 44.701-23.208.375-56.579-31.459-73.413-44.701C106.18 199.465 70.425 171.067 48 152.805V112h416zM48 400V214.398c22.914 18.251 55.409 43.862 104.938 82.646 21.857 17.205 60.134 55.186 103.062 54.955 42.717.231 80.509-37.199 103.053-54.947 49.528-38.783 82.032-64.401 104.947-82.653V400H48z\"><\/path><\/svg>\t\t\t\t<\/span>\n\t\t\t\t\t<\/div>\n\t\t\n\t\t\t\t\t\t\t<\/a>\n\t\t<\/div>\n\t\t\t\t\t\t<\/div>\n\t\t\t\t<\/div>\n\t\t\t\t\t<\/div>\n\t\t<\/div>\n\t\t\t\t\t<\/div>\n\t\t<\/section>\n\t\t\t\t<\/div>\n\t\t","protected":false},"excerpt":{"rendered":"<p>Qui sommes-nous ? L&rsquo;Institut Festwave est une initiative nationale de la Fondation Fabienne Colas qui soutient les cr\u00e9ateurs noirs et sous-repr\u00e9sent\u00e9s dans le domaine du cin\u00e9ma et de la t\u00e9l\u00e9vision. En supprimant les obstacles \u00e0 l&rsquo;esprit d&rsquo;entreprise, il offre une formation, des outils et un r\u00e9seau permettant de construire des carri\u00e8res durables. + 0 Ateliers Organis\u00e9s + 0 Participants Impliqu\u00e9s 0 Partenaires de Confiance Notre mission L&rsquo;Institut Festwave, cr\u00e9\u00e9 par la Fondation Fabienne Colas, a pour mission d&rsquo;\u00e9liminer les obstacles auxquels se heurtent les professionnels du cin\u00e9ma et de la t\u00e9l\u00e9vision peu qualifi\u00e9s et de les aider \u00e0 construire des carri\u00e8res r\u00e9ussies et durables. Pour ce faire, l&rsquo;Institut fournira aux professionnels noirs du cin\u00e9ma et aux autres cr\u00e9ateurs sous-repr\u00e9sent\u00e9s les outils, les comp\u00e9tences et les ressources n\u00e9cessaires \u00e0 leur r\u00e9ussite et \u00e0 leur ind\u00e9pendance au sein d&rsquo;une industrie majoritairement dirig\u00e9e par des Blancs : ateliers sur mesure, tables rondes, classes de ma\u00eetre, apprentissage pratique, mentorat, possibilit\u00e9s de mise en r\u00e9seau, possibilit\u00e9s de pr\u00e9sentation, acc\u00e8s aux \u00e9quipements, comp\u00e9tences commerciales, programmes de jumelage &#8211; tout ce dont les professionnels noirs ont besoin pour apprendre, se d\u00e9velopper, se connecter et faire progresser leur carri\u00e8re dans le cin\u00e9ma et la t\u00e9l\u00e9vision, tant en ligne que sur le terrain. Notre vision Notre vision est celle de l&rsquo;inclusion, de l&rsquo;\u00e9quit\u00e9 et de l&rsquo;\u00e9ducation &#8211; une vision qui inclut un nombre accru de producteurs, de cr\u00e9ateurs, de conteurs et de cin\u00e9astes noirs et marginalis\u00e9s dans l&rsquo;industrie et qui, en fin de compte, m\u00e8ne \u00e0 un espace partag\u00e9 et \u00e9gal, sans pr\u00e9jug\u00e9s inconscients ni obstruction, refl\u00e9tant plut\u00f4t la r\u00e9alit\u00e9 de notre paysage canadien riche et diversifi\u00e9. Ensemble, nous voulons faire du Canada un exemple \u00e0 suivre pour le monde entier ! Vous voulez en savoir plus sur nous ? N&rsquo;h\u00e9sitez pas \u00e0 nous contacter ! Contactez nous<\/p>\n","protected":false},"author":1,"featured_media":0,"parent":0,"menu_order":0,"comment_status":"closed","ping_status":"closed","template":"","meta":{"footnotes":""},"class_list":["post-3851","page","type-page","status-publish","hentry","post-no-thumbnail"],"_hostinger_reach_plugin_has_subscription_block":false,"_hostinger_reach_plugin_is_elementor":false,"_links":{"self":[{"href":"https:\/\/festwaveinstitute.com\/fr\/wp-json\/wp\/v2\/pages\/3851","targetHints":{"allow":["GET"]}}],"collection":[{"href":"https:\/\/festwaveinstitute.com\/fr\/wp-json\/wp\/v2\/pages"}],"about":[{"href":"https:\/\/festwaveinstitute.com\/fr\/wp-json\/wp\/v2\/types\/page"}],"author":[{"embeddable":true,"href":"https:\/\/festwaveinstitute.com\/fr\/wp-json\/wp\/v2\/users\/1"}],"replies":[{"embeddable":true,"href":"https:\/\/festwaveinstitute.com\/fr\/wp-json\/wp\/v2\/comments?post=3851"}],"version-history":[{"count":14,"href":"https:\/\/festwaveinstitute.com\/fr\/wp-json\/wp\/v2\/pages\/3851\/revisions"}],"predecessor-version":[{"id":8575,"href":"https:\/\/festwaveinstitute.com\/fr\/wp-json\/wp\/v2\/pages\/3851\/revisions\/8575"}],"wp:attachment":[{"href":"https:\/\/festwaveinstitute.com\/fr\/wp-json\/wp\/v2\/media?parent=3851"}],"curies":[{"name":"wp","href":"https:\/\/api.w.org\/{rel}","templated":true}]}}